{"id":42,"date":"2020-07-16T16:23:05","date_gmt":"2020-07-16T14:23:05","guid":{"rendered":"http:\/\/blogs.uo.edu.cu\/vlir\/?page_id=42"},"modified":"2021-03-17T18:33:05","modified_gmt":"2021-03-17T17:33:05","slug":"p4-patrimonio-cultural-y-nuevas-tecnologias","status":"publish","type":"page","link":"https:\/\/blogs.uo.edu.cu\/vlir\/p4-patrimonio-cultural-y-nuevas-tecnologias\/","title":{"rendered":"P4 Patrimonio cultural y nuevas tecnolog\u00edas"},"content":{"rendered":"\n<h1 class=\"wp-block-heading\">Preservaci\u00f3n  del patrimonio cultural. Herramientas y pr\u00e1cticas para su manejo  integrado en Santiago de Cuba y regi\u00f3n este de Cuba.<\/h1>\n\n\n\n<p><strong>Objetivo general: <\/strong>Reforzar la competencia y el desempe\u00f1o  profesional con un enfoque interdisciplinario partiendo de las ciencias  sociales, human\u00edsticas, arquitectura&nbsp; y jur\u00eddicas, para enfrentar&nbsp; los  principales retos socioculturales del desarrollo&nbsp; como tal y poyar el  mejoramiento del bienestar humano en la regi\u00f3n oriental de Cuba.<\/p>\n\n\n\n<div class=\"wp-block-media-text alignwide is-stacked-on-mobile\" style=\"grid-template-columns:25% auto\"><figure class=\"wp-block-media-text__media\"><img decoding=\"async\" width=\"206\" height=\"206\" src=\"https:\/\/blogs.uo.edu.cu\/vlir\/wp-content\/uploads\/sites\/50\/2021\/03\/7.png\" alt=\"\" class=\"wp-image-358 size-full\" srcset=\"https:\/\/blogs.uo.edu.cu\/vlir\/wp-content\/uploads\/sites\/50\/2021\/03\/7.png 206w, https:\/\/blogs.uo.edu.cu\/vlir\/wp-content\/uploads\/sites\/50\/2021\/03\/7-150x150.png 150w\" sizes=\"(max-width: 206px) 100vw, 206px\" \/><\/figure><div class=\"wp-block-media-text__content\">\n<p class=\"has-small-font-size\"><strong>Jefe Proyecto Belga:&nbsp;<\/strong>Philippe Meers, PhD |<strong>&nbsp;E-mail: <\/strong><a href=\"mailto:philippe.meers@uantwerpen.be\">philippe.meers@uantwerpen.be<\/a><\/p>\n<\/div><\/div>\n\n\n\n<div class=\"wp-block-media-text alignwide is-stacked-on-mobile\" style=\"grid-template-columns:23% auto\"><figure class=\"wp-block-media-text__media\"><img fetchpriority=\"high\" decoding=\"async\" width=\"519\" height=\"529\" src=\"https:\/\/blogs.uo.edu.cu\/vlir\/wp-content\/uploads\/sites\/50\/2021\/03\/8.png\" alt=\"\" class=\"wp-image-359 size-full\" srcset=\"https:\/\/blogs.uo.edu.cu\/vlir\/wp-content\/uploads\/sites\/50\/2021\/03\/8.png 519w, https:\/\/blogs.uo.edu.cu\/vlir\/wp-content\/uploads\/sites\/50\/2021\/03\/8-294x300.png 294w\" sizes=\"(max-width: 519px) 100vw, 519px\" \/><\/figure><div class=\"wp-block-media-text__content\">\n<p class=\"has-small-font-size\"><strong>Jefe Proyecto Cubano:<\/strong>&nbsp;Hern\u00e1ndez Garrido, Margarita Victoria Ph.D.|&nbsp;<strong>E-mail:<\/strong><a href=\"mailto:shspuo@vlir.uo.edu.cu\">hmargarita@uo.edu.cu<\/a><\/p>\n<\/div><\/div>\n\n\n\n<p><\/p>\n\n\n\n<p><strong><strong>Objetivos espec\u00edficos:<\/strong><\/strong><\/p>\n\n\n\n<ul class=\"wp-block-list\"><li>Contribuir al desarrollo de la Universidad de Oriente a trav\u00e9s de la  realizaci\u00f3n de investigaciones en el \u00e1mbito de las ciencias sociales,  human\u00edsticas y jur\u00eddicas desde un enfoque interdisciplinario, a fin de  potenciar el fortalecimiento de la identidad y unidad cubana y caribe\u00f1a,  la historia, el pensamiento, la cultura, el patrimonio hist\u00f3rico  cultural, el enfrentamiento de los problemas ambientales, efectos  clim\u00e1ticos y educaci\u00f3n ambiental en el \u00e1rea, as\u00ed como las principales  manifestaciones del comportamiento social ciudadano; todo ello en  funci\u00f3n de los nuevos escenarios en que se desarrolla el proyecto social  cubano y estimulando el intercambio de dichos resultados con  investigadores de las universidades belgas. <\/li><li>Fortalecer el papel de la Universidad de Oriente en Santiago de Cuba  como importante actor del desarrollo local, a partir de la introducci\u00f3n  de sus resultados cient\u00edficos al proceso docente educativo de pre y  postgrado, y el intercambio de los mismos con universidades belgas. <\/li><li>Ofrecer cursos de entrenamiento a los principales actores del desarrollo  local en el oriente cubano de modo que puedan enfrentar los desaf\u00edos  del desarrollo moderno y monitorear el impacto de sus acciones en el  manejo y en los programas de mejoramiento humano. <\/li><li>Contribuir al fortalecimiento de los museos de la Universidad de Oriente  como parte importante en el rescate del patrimonio hist\u00f3rico,  arqueol\u00f3gico, jur\u00eddico, art\u00edstico y cultural de Santiago de Cuba, a fin  de facilitar el intercambio de su actividad con similares de las  universidades belgas. <\/li><li>Contribuir al proceso de perfeccionamiento de la infraestructura  material y t\u00e9cnica que sirve de apoyo al desarrollo de las  investigaciones en las ciencias sociales, human\u00edsticas y jur\u00eddicas, a  fin de incidir eficientemente en la formaci\u00f3n de j\u00f3venes investigadores,  acad\u00e9micos, masters, doctores y al proceso de divulgaci\u00f3n de los  resultados cient\u00edficos, de las publicaciones peri\u00f3dicas y libros. <\/li><\/ul>\n\n\n\n<p><strong>Resultados esperados:<\/strong><\/p>\n\n\n\n<ul class=\"wp-block-list\"><li>Se\n obtienen estudios en el \u00e1mbito de las ciencias sociales y human\u00edsticas \ndesde un enfoque interdisciplinario, a fin de contribuir al \nfortalecimiento de la identidad cubana y caribe\u00f1a, en funci\u00f3n de los \nnuevos escenarios en que se desarrolla el proyecto social cubano.<\/li><li>Se\n introducen los resultados cient\u00edficos en la docencia de pregrado y \npostgrado de la Universidad de Oriente, acerca de personalidades y \nmentalidades del patrimonio cultural tangible e intangible, estudios \nfilos\u00f3ficos, sociol\u00f3gicos, culturales, jur\u00eddicos, ling\u00fc\u00edsticos, \nhist\u00f3ricos y estudios desde la arquitectura.<\/li><li>Se\n capacitan a l\u00edderes comunitarios de los repartos de Vista Alegre y \nDistrito Jos\u00e9 Mart\u00ed as\u00ed como Maestros primarios de dos escuelas \ncorrespondientes a los repartos Vista Alegre y Distrito Jos\u00e9 Mart\u00ed.<\/li><li>Se\n perfecciona y equipa el&nbsp; museo de Historia de la Universidad de Oriente\n como contribuci\u00f3n al rescate y conservaci\u00f3n del patrimonio hist\u00f3rico, \njur\u00eddico, art\u00edstico y cultural de Santiago de Cuba.<\/li><li>Se\n logran intercambios con las universidades belgas sobre los resultados \nde la actividad cient\u00edfica, la docencia de pregrado y postgrado, el \nrescate del patrimonio hist\u00f3rico, filos\u00f3fico, jur\u00eddico, art\u00edstico y \ncultural de los museos, relacionados con las ciencias sociales, \nhuman\u00edsticas y la arquitectura.<\/li><li>Se\n eleva la competencia acad\u00e9mica y cient\u00edfica de la Universidad de \nOriente contribuyendo a la formaci\u00f3n de j\u00f3venes investigadores, \nacad\u00e9micos, masters, doctores.<\/li><li>Se\n instalan medios que facilitan las publicaciones peri\u00f3dicas y libros \nresultantes de las investigaciones en ciencias sociales y human\u00edsticas.<\/li><li>Se\n equipa y fortalece la infraestructura material y t\u00e9cnica que apoya el \ndesarrollo de las investigaciones en las Ciencias Sociales y \nhuman\u00edsticas: acondicionamiento de los locales correspondientes a los \nsubproyectos en cada facultad participante y el Centro de Estudios \nsociales cubanos y caribe\u00f1os.<\/li><\/ul>\n\n\n\n<p><strong>MIEMBROS DEL EQUIPO POR LA PARTE NORTE<\/strong><\/p>\n\n\n\n<figure class=\"wp-block-table\"><table><tbody><tr><td>Prof. Dr. Paolo Favero<\/td><td>University of Antwerp Faculty of Social Sciences Dept. of Communication Studies&nbsp;<\/td><td>Professor Anthropology Deputy-project leader North<\/td><\/tr><tr><td>Prof. Dr. Koen Van Balen<\/td><td>Catholic University of Leuven Faculty of Engineering<\/td><td>Professor Built Heritage &nbsp;<\/td><\/tr><tr><td>Prof. Dr. Esther Van Zimmeren<\/td><td>University of Antwerp Faculty of Law<\/td><td>Professor Law<\/td><\/tr><tr><td>Prof. Dr. Hichem sahli<\/td><td>Vrije Universiteit Brussel<\/td><td>Prof. Machine learning<\/td><\/tr><tr><td>Prof.&nbsp; Dr. N<\/td><td>University of Antwerp\/ Vrije Universiteit Brussel<\/td><td>Professor Computer Science<\/td><\/tr><\/tbody><\/table><\/figure>\n\n\n\n<p><strong>MIEMBROS DEL EQUIPO POR LA PARTE SUR<\/strong><\/p>\n\n\n\n<figure class=\"wp-block-table\"><table><tbody><tr><td>Prof. Dr. Mar\u00eda T. Mu\u00f1oz Castillo<\/td><td>UO Arquitectura<\/td><td>Professor Deputy-project leader South<\/td><\/tr><tr><td>Prof. Dr. Irina Bidot Mart\u00ednez.<\/td><td>UO&nbsp; Fac. Humanidades<\/td><td>Professor &nbsp;<\/td><\/tr><tr><td>Prof. Dr. Ligia Lavielle Pull\u00e9s<\/td><td>UO Fac. Humanidades<\/td><td>Professor &nbsp;<\/td><\/tr><tr><td>Prof. Dr. Neris Rodr\u00edguez Matos<\/td><td>UO Fac. Ciencias Sociales<\/td><td>Professor &nbsp;<\/td><\/tr><tr><td>Prof. Dr. David Silveira Toledo<\/td><td>UO Dpto Patrimonio<\/td><td>Professor &nbsp;<\/td><\/tr><tr><td>Prof. Dr. Milene Soto Su\u00e1rez<\/td><td>UO Arquitectura<\/td><td>Professor &nbsp;<\/td><\/tr><tr><td>Prof. Dr. Ernesto Guevara Fern\u00e1ndez<\/td><td>UO. Fac. Derecho<\/td><td>Professor Subproject 4 leader<\/td><\/tr><tr><td>Prof. Dr. Freider Santana Lescaille.<\/td><td>UO Derecho<\/td><td>Professor &nbsp;<\/td><\/tr><tr><td>Prof. Dr. Nilda Haydee Rizo P\u00e9rez<\/td><td>UO Derecho<\/td><td>Professor<\/td><\/tr><tr><td>Daylenis Blanco Lobaina<\/td><td>UO<\/td><td>Student<\/td><\/tr><tr><td>Dionis Lopez Ramos<\/td><td>UO<\/td><td>Professor<\/td><\/tr><tr><td>Liss Carvajal Soto<\/td><td>UO Arquitectura<\/td><td>Professor &nbsp;<\/td><\/tr><tr><td>Leonardo P\u00e9rez Vilorio<\/td><td>UO Arquitectura<\/td><td>Professor &nbsp;<\/td><\/tr><tr><td>Rosa Juliet Gonz\u00e1les Ruiz<\/td><td>UO Derecho<\/td><td>Professor &nbsp;<\/td><\/tr><tr><td>Elizabeth Baussa<\/td><td>UO Derecho<\/td><td>Professor<\/td><\/tr><\/tbody><\/table><\/figure>\n\n\n\n<p><\/p>\n<!-- AddThis Advanced Settings generic via filter on the_content --><!-- AddThis Share Buttons generic via filter on the_content -->","protected":false},"excerpt":{"rendered":"<p>Preservaci\u00f3n del patrimonio cultural. Herramientas y pr\u00e1cticas para su manejo integrado en Santiago de Cuba y regi\u00f3n este de Cuba. Objetivo general: Reforzar la competencia y el desempe\u00f1o profesional con un enfoque interdisciplinario partiendo de las ciencias sociales, human\u00edsticas, arquitectura&nbsp; y jur\u00eddicas, para enfrentar&nbsp; los principales retos socioculturales del desarrollo&nbsp; como tal y poyar el [&hellip;]<!-- AddThis Advanced Settings generic via filter on get_the_excerpt --><!-- AddThis Share Buttons generic via filter on get_the_excerpt --><\/p>\n","protected":false},"author":958,"featured_media":0,"parent":0,"menu_order":0,"comment_status":"closed","ping_status":"closed","template":"","meta":{"ngg_post_thumbnail":0,"footnotes":""},"class_list":["post-42","page","type-page","status-publish","czr-hentry"],"_links":{"self":[{"href":"https:\/\/blogs.uo.edu.cu\/vlir\/wp-json\/wp\/v2\/pages\/42","targetHints":{"allow":["GET"]}}],"collection":[{"href":"https:\/\/blogs.uo.edu.cu\/vlir\/wp-json\/wp\/v2\/pages"}],"about":[{"href":"https:\/\/blogs.uo.edu.cu\/vlir\/wp-json\/wp\/v2\/types\/page"}],"author":[{"embeddable":true,"href":"https:\/\/blogs.uo.edu.cu\/vlir\/wp-json\/wp\/v2\/users\/958"}],"replies":[{"embeddable":true,"href":"https:\/\/blogs.uo.edu.cu\/vlir\/wp-json\/wp\/v2\/comments?post=42"}],"version-history":[{"count":4,"href":"https:\/\/blogs.uo.edu.cu\/vlir\/wp-json\/wp\/v2\/pages\/42\/revisions"}],"predecessor-version":[{"id":367,"href":"https:\/\/blogs.uo.edu.cu\/vlir\/wp-json\/wp\/v2\/pages\/42\/revisions\/367"}],"wp:attachment":[{"href":"https:\/\/blogs.uo.edu.cu\/vlir\/wp-json\/wp\/v2\/media?parent=42"}],"curies":[{"name":"wp","href":"https:\/\/api.w.org\/{rel}","templated":true}]}}