{"id":44,"date":"2020-07-16T16:23:38","date_gmt":"2020-07-16T14:23:38","guid":{"rendered":"http:\/\/blogs.uo.edu.cu\/vlir\/?page_id=44"},"modified":"2021-03-17T18:40:36","modified_gmt":"2021-03-17T17:40:36","slug":"tp-escuela-de-formacion-doctoral","status":"publish","type":"page","link":"https:\/\/blogs.uo.edu.cu\/vlir\/tp-escuela-de-formacion-doctoral\/","title":{"rendered":"TP Escuela de formaci\u00f3n doctoral"},"content":{"rendered":"\n<p>Organizaci\u00f3n funcional de los actores, \nprogramas y procesos acad\u00e9micos, que gestionan de manera coordinada el \nproceso de formaci\u00f3n doctoral.<\/p>\n\n\n\n<p>Coordinada  por la Direcci\u00f3n de Educaci\u00f3n de Posgrado y el Departamento de  Formaci\u00f3n Doctoral a \u00e9l subordinado, la integran adem\u00e1s la Comisi\u00f3n de  Grados Cient\u00edficos de la UO, la Secretar\u00eda de Posgrado, los 15 Programas  de Doctorado de la UO y la colaboraci\u00f3n activa de profesores,  especialistas y estructuras administrativas de la instituci\u00f3n con  funciones afines al objetivo de la formaci\u00f3n doctoral.<\/p>\n\n\n\n<div class=\"wp-block-media-text alignwide is-stacked-on-mobile\" style=\"grid-template-columns:21% auto\"><figure class=\"wp-block-media-text__media\"><img fetchpriority=\"high\" decoding=\"async\" width=\"350\" height=\"350\" src=\"https:\/\/blogs.uo.edu.cu\/vlir\/wp-content\/uploads\/sites\/50\/2021\/03\/roger-1.png\" alt=\"\" class=\"wp-image-370 size-full\" srcset=\"https:\/\/blogs.uo.edu.cu\/vlir\/wp-content\/uploads\/sites\/50\/2021\/03\/roger-1.png 350w, https:\/\/blogs.uo.edu.cu\/vlir\/wp-content\/uploads\/sites\/50\/2021\/03\/roger-1-300x300.png 300w, https:\/\/blogs.uo.edu.cu\/vlir\/wp-content\/uploads\/sites\/50\/2021\/03\/roger-1-150x150.png 150w\" sizes=\"(max-width: 350px) 100vw, 350px\" \/><\/figure><div class=\"wp-block-media-text__content\">\n<p class=\"has-small-font-size\"><strong>Jefe Proyecto Belga: <\/strong>Roger Vounckx  <strong>Email:<\/strong> rvounckx@etrovub.be<\/p>\n<\/div><\/div>\n\n\n\n<div class=\"wp-block-media-text alignwide is-stacked-on-mobile\" style=\"grid-template-columns:20% auto\"><figure class=\"wp-block-media-text__media\"><img decoding=\"async\" width=\"311\" height=\"300\" src=\"https:\/\/blogs.uo.edu.cu\/vlir\/wp-content\/uploads\/sites\/50\/2021\/03\/10.png\" alt=\"\" class=\"wp-image-368 size-full\" srcset=\"https:\/\/blogs.uo.edu.cu\/vlir\/wp-content\/uploads\/sites\/50\/2021\/03\/10.png 311w, https:\/\/blogs.uo.edu.cu\/vlir\/wp-content\/uploads\/sites\/50\/2021\/03\/10-300x289.png 300w\" sizes=\"(max-width: 311px) 100vw, 311px\" \/><\/figure><div class=\"wp-block-media-text__content\">\n<p class=\"has-small-font-size\"><strong>Jefe Proyecto Cubano: <\/strong>Mayelin Cabezas Salmon <strong>Email:<\/strong> mayelinc@uo.edu.cu<\/p>\n<\/div><\/div>\n\n\n\n<p><strong>Funciones:<\/strong><\/p>\n\n\n\n<ul class=\"wp-block-list\"><li>Desarrollar\n y coordinar actividades formativas que contribuyan al proceso de \nformaci\u00f3n doctoral, con la participaci\u00f3n de especialistas, \u00e1reas, \ncentros de investigaci\u00f3n y Programas de Doctorado propios o de otras \ninstituciones nacionales y extranjeras. Entre estas destacan cursos para\n el cumplimiento de los requisitos formativos y ex\u00e1menes de m\u00ednimo, \ncursos de alta especializaci\u00f3n, conferencias de excelencia, estancias de\n investigaci\u00f3n y programas de movilidad entre IES nacionales y \nextranjeras, jornadas de investigaci\u00f3n, talleres de j\u00f3venes \ninvestigadores, entre otras.<\/li><li>Posibilitar la colaboraci\u00f3n con \notros organismos, centros, instituciones y entidades con actividades de \nI+D+i, nacionales o extranjeras, que tiene por objeto fundamental la \ninvestigaci\u00f3n en una o varias ramas del conocimiento o con car\u00e1cter \ninterdisciplinar.<\/li><li>Impulsar la I+D+i en todos los sectores \nsociales, particularmente de industrias y empresas, con el fin de que \njueguen un papel sustancial en sus estrategias de innovaci\u00f3n a Promover \nun modelo de formaci\u00f3n doctoral con base en la universidad, pero \nintegradora de la colaboraci\u00f3n con otros organismos, entidades e \ninstituciones implicadas en la I+D+i tanto nacional como internacional, \nen el que las Escuelas de Doctorado, est\u00e1n llamadas a jugar un papel \nesencial.<\/li><\/ul>\n\n\n\n<p><strong>Principios b\u00e1sicos que caracterizan la ED<\/strong><\/p>\n\n\n\n<ul class=\"wp-block-list\"><li>INTENCIONALIDAD\n FORMATIVA: garantizar el desarrollo de habilidades para la \ninvestigaci\u00f3n (cursos, seminarios, talleres, entre otros), tanto en los \naspectos propios de sus temas de investigaci\u00f3n, como en temas \ntransversales de inter\u00e9s com\u00fan a varios programas. Para ello, la ED debe\n velar por la planificaci\u00f3n, ejecuci\u00f3n, control y evaluaci\u00f3n de las \nactividades de cada programa con suficiente previsi\u00f3n y garantizando la \ncomunicaci\u00f3n de las actividades del proceso y sus resultados a toda la \ncomunidad universitaria.<\/li><li>INTERDISCIPLINARIEDAD:\n aun cuando cada programa de doctorado se desarrolle en ramas de la \nciencia determinadas, la ED coordinar\u00e1 el establecimiento de v\u00ednculos de\n cooperaci\u00f3n y colaboraci\u00f3n interdisciplinaria que enriquezcan las \nactividades formativas, no s\u00f3lo entre los propios programas, sino entre \n\u00e9stos y otras instituciones de educaci\u00f3n superior y entidades de la \nproducci\u00f3n y los servicios del territorio y el pa\u00eds, con los cuales se \ndeben mantener estrechas relaciones de intercambio cient\u00edfico y \ntecnol\u00f3gico.<\/li><li>RIGOR CIENT\u00cdFICO: la \nED debe establecer los mecanismos de control que posibiliten que todas \nlas actividades formativas, las sesiones cient\u00edficas, atestaciones y \npredefensas se realicen con alto rigor cient\u00edfico y metodol\u00f3gico, \npropiciando que participen especialistas y expertos de otras \ninstituciones, para garantizar el enriquecimiento de las consideraciones\n cient\u00edficas de los resultados que van alcanzando los estudiantes de \ndoctorado.<\/li><\/ul>\n<!-- AddThis Advanced Settings generic via filter on the_content --><!-- AddThis Share Buttons generic via filter on the_content -->","protected":false},"excerpt":{"rendered":"<p>Organizaci\u00f3n funcional de los actores, programas y procesos acad\u00e9micos, que gestionan de manera coordinada el proceso de formaci\u00f3n doctoral. Coordinada por la Direcci\u00f3n de Educaci\u00f3n de Posgrado y el Departamento de Formaci\u00f3n Doctoral a \u00e9l subordinado, la integran adem\u00e1s la Comisi\u00f3n de Grados Cient\u00edficos de la UO, la Secretar\u00eda de Posgrado, los 15 Programas de [&hellip;]<!-- AddThis Advanced Settings generic via filter on get_the_excerpt --><!-- AddThis Share Buttons generic via filter on get_the_excerpt --><\/p>\n","protected":false},"author":958,"featured_media":0,"parent":0,"menu_order":0,"comment_status":"closed","ping_status":"closed","template":"","meta":{"ngg_post_thumbnail":0,"footnotes":""},"class_list":["post-44","page","type-page","status-publish","czr-hentry"],"_links":{"self":[{"href":"https:\/\/blogs.uo.edu.cu\/vlir\/wp-json\/wp\/v2\/pages\/44","targetHints":{"allow":["GET"]}}],"collection":[{"href":"https:\/\/blogs.uo.edu.cu\/vlir\/wp-json\/wp\/v2\/pages"}],"about":[{"href":"https:\/\/blogs.uo.edu.cu\/vlir\/wp-json\/wp\/v2\/types\/page"}],"author":[{"embeddable":true,"href":"https:\/\/blogs.uo.edu.cu\/vlir\/wp-json\/wp\/v2\/users\/958"}],"replies":[{"embeddable":true,"href":"https:\/\/blogs.uo.edu.cu\/vlir\/wp-json\/wp\/v2\/comments?post=44"}],"version-history":[{"count":4,"href":"https:\/\/blogs.uo.edu.cu\/vlir\/wp-json\/wp\/v2\/pages\/44\/revisions"}],"predecessor-version":[{"id":372,"href":"https:\/\/blogs.uo.edu.cu\/vlir\/wp-json\/wp\/v2\/pages\/44\/revisions\/372"}],"wp:attachment":[{"href":"https:\/\/blogs.uo.edu.cu\/vlir\/wp-json\/wp\/v2\/media?parent=44"}],"curies":[{"name":"wp","href":"https:\/\/api.w.org\/{rel}","templated":true}]}}