{"id":82,"date":"2020-07-16T17:16:21","date_gmt":"2020-07-16T15:16:21","guid":{"rendered":"http:\/\/blogs.uo.edu.cu\/vlir\/?page_id=82"},"modified":"2021-03-17T22:07:34","modified_gmt":"2021-03-17T21:07:34","slug":"unidad-de-apoyo-al-programa","status":"publish","type":"page","link":"https:\/\/blogs.uo.edu.cu\/vlir\/unidad-de-apoyo-al-programa\/","title":{"rendered":"Unidad de apoyo al programa"},"content":{"rendered":"\n<p>La Unidad de Apoyo al Programa coordina y adminsitra el desarrollo del programa, a partir de sus objetivos. Al mismo tiempo, es responsable de la interacci\u00f3n con el Consejo Interuniversitario Flamenco.<\/p>\n\n\n\n<p>La Casa VLIR tambi\u00e9n forma parte de la Unidad de Apoyo al Programa, lo que implica que la organizaci\u00f3n y la administraci\u00f3n de la Casa, as\u00ed como los servicios que provee, son gestionados por la Unidad de Apoyo.<\/p>\n\n\n\n<figure class=\"wp-block-table\"><table><tbody><tr><td><strong>MIEMBROS DEL PROYECTO<\/strong><\/td><\/tr><tr><td><strong>L\u00cdDER BELGA DEL PROYECTO<\/strong><\/td><\/tr><tr><td>Roger Vounckx<\/td><td>Vrije Universiteit Brussel<\/td><td>Coordinador flamenco<\/td><\/tr><tr><td><strong>MIEMBROS DEL EQUIPO NORTE<\/strong><\/td><\/tr><tr><td>De Cupere, Fran\u00e7oise<\/td><td>Vrije Universiteit Brussel<\/td><td>ICOS<\/td><\/tr><tr><td>Steven Verhulst<\/td><td>Vrije Universiteit Brussel<\/td><td>Asistente IUC<\/td><\/tr><tr><td><strong>L\u00cdDER LOCAL DEL PROYECTO<\/strong><\/td><\/tr><tr><td>Orber\u00e1 Rat\u00f3n, Teresa<\/td><td>Universidad de Oriente<\/td><td>Coordinador local<\/td><\/tr><tr><td><strong>MIEMBROS DEL EQUIPO LOCAL<\/strong><\/td><\/tr><tr><td>Pellicier Dur\u00e1n, Rub\u00e9n<\/td><td>Universidad de Oriente<\/td><td>Administrador del Programa<\/td><\/tr><tr><td>Ruiz, Maydolis<\/td><td>Universidad de Oriente<\/td><td>Secretaria<\/td><\/tr><tr><td>Borges Carratal\u00e1, Ana Cecilia<\/td><td>Universidad de Oriente<\/td><td>Contadora<\/td><\/tr><tr><td>Mej\u00edas Osorio, Urbano<\/td><td>Universidad de Oriente<\/td><td>Administrador Casa VLIR<\/td><\/tr><tr><td>Losada Torres, Isabel<\/td><td>Universidad de Oriente<\/td><td>Gestora de servicios<\/td><\/tr><\/tbody><\/table><\/figure>\n\n\n\n<figure class=\"wp-block-gallery columns-0 is-cropped wp-block-gallery-1 is-layout-flex wp-block-gallery-is-layout-flex\"><ul class=\"blocks-gallery-grid\"><\/ul><\/figure>\n<!-- AddThis Advanced Settings generic via filter on the_content --><!-- AddThis Share Buttons generic via filter on the_content -->","protected":false},"excerpt":{"rendered":"<p>La Unidad de Apoyo al Programa coordina y adminsitra el desarrollo del programa, a partir de sus objetivos. Al mismo tiempo, es responsable de la interacci\u00f3n con el Consejo Interuniversitario Flamenco. La Casa VLIR tambi\u00e9n forma parte de la Unidad de Apoyo al Programa, lo que implica que la organizaci\u00f3n y la administraci\u00f3n de la [&hellip;]<!-- AddThis Advanced Settings generic via filter on get_the_excerpt --><!-- AddThis Share Buttons generic via filter on get_the_excerpt --><\/p>\n","protected":false},"author":958,"featured_media":0,"parent":0,"menu_order":0,"comment_status":"closed","ping_status":"closed","template":"","meta":{"ngg_post_thumbnail":0,"footnotes":""},"class_list":["post-82","page","type-page","status-publish","czr-hentry"],"_links":{"self":[{"href":"https:\/\/blogs.uo.edu.cu\/vlir\/wp-json\/wp\/v2\/pages\/82","targetHints":{"allow":["GET"]}}],"collection":[{"href":"https:\/\/blogs.uo.edu.cu\/vlir\/wp-json\/wp\/v2\/pages"}],"about":[{"href":"https:\/\/blogs.uo.edu.cu\/vlir\/wp-json\/wp\/v2\/types\/page"}],"author":[{"embeddable":true,"href":"https:\/\/blogs.uo.edu.cu\/vlir\/wp-json\/wp\/v2\/users\/958"}],"replies":[{"embeddable":true,"href":"https:\/\/blogs.uo.edu.cu\/vlir\/wp-json\/wp\/v2\/comments?post=82"}],"version-history":[{"count":4,"href":"https:\/\/blogs.uo.edu.cu\/vlir\/wp-json\/wp\/v2\/pages\/82\/revisions"}],"predecessor-version":[{"id":424,"href":"https:\/\/blogs.uo.edu.cu\/vlir\/wp-json\/wp\/v2\/pages\/82\/revisions\/424"}],"wp:attachment":[{"href":"https:\/\/blogs.uo.edu.cu\/vlir\/wp-json\/wp\/v2\/media?parent=82"}],"curies":[{"name":"wp","href":"https:\/\/api.w.org\/{rel}","templated":true}]}}