{"id":88,"date":"2020-07-16T17:22:21","date_gmt":"2020-07-16T15:22:21","guid":{"rendered":"http:\/\/blogs.uo.edu.cu\/vlir\/?page_id=88"},"modified":"2021-03-17T20:57:15","modified_gmt":"2021-03-17T19:57:15","slug":"eventos","status":"publish","type":"page","link":"https:\/\/blogs.uo.edu.cu\/vlir\/eventos\/","title":{"rendered":"Convocatorias"},"content":{"rendered":"\n<p class=\"has-luminous-vivid-orange-color has-text-color has-background\" style=\"background-color:#e0eaef\"><strong>Proyectos para Prueba de Concepto<\/strong><\/p>\n\n\n\n<p><strong>Convocatoria a Proyectos para Prueba de Concepto<\/strong><\/p>\n\n\n\n<p class=\"has-black-color has-text-color\"><em>(Empresa Interfaz de Ciencia, Innovaci\u00f3n y Tecnolog\u00eda de la Universidad de Oriente (CINTRO S.A) y el Programa de Colaboraci\u00f3n Internacional \u2018VLIR &#8211; IUC -UO\u2019)<\/em><\/p>\n\n\n\n<ul class=\"wp-block-list\"><li>La presente Convocatoria se realiza en el marco del Programa de Colaboraci\u00f3n Internacional \u201cVLIR_IUC_UO\u201d, cuyos objetivos se enmarcan en la transferencia de conocimientos y la valorizaci\u00f3n de resultados cient\u00edficos para dar respuestas a las demandas del sector de la producci\u00f3n y los servicios.<\/li><\/ul>\n\n\n\n<ul class=\"wp-block-list\"><li>Forma parte de las actividades encaminadas a fortalecer la propuesta de Empresa de Interfaz de la Universidad de Oriente, dirigida a la <em>gesti\u00f3n de proyectos de I+D+i, la transferencia de tecnolog\u00edas y la realizaci\u00f3n de consultor\u00edas<\/em>, estimulando a los grupos de investigaci\u00f3n de la UO a la formulaci\u00f3n de proyectos para el desarrollo de soluciones en fase de maduraci\u00f3n tecnol\u00f3gica para prueba de concepto. &nbsp;&nbsp;&nbsp;&nbsp;<\/li><\/ul>\n\n\n\n<ul class=\"wp-block-list\"><li><strong><em>\u00bfQu\u00e9 es un Proyecto para Prueba de Concepto?<\/em><\/strong><\/li><\/ul>\n\n\n\n<p>Los proyectos para Prueba de Concepto (POC) deben ser innovadores y presentar una visi\u00f3n clara enfocada a la valorizaci\u00f3n a trav\u00e9s de la transferencia de conocimientos y tecnolog\u00edas, tomando como base resultados de investigaci\u00f3n obtenidos previamente.<\/p>\n\n\n\n<p>La evaluaci\u00f3n de los proyectos de POC se basa en (i) la <strong>calidad de la propuesta<\/strong>, (ii) la <strong>relevancia y la utilidad<\/strong> para la empresa y el desarrollo econ\u00f3mico, y\/o (iii) las <strong>potencialidades<\/strong> de impactar en la sociedad y la contribuci\u00f3n al <strong>desarrollo sostenible<\/strong>.<\/p>\n\n\n\n<p>Los criterios de evaluaci\u00f3n incluyen:<\/p>\n\n\n\n<ul class=\"wp-block-list\"><li>Car\u00e1cter <strong>innovador<\/strong> de la propuesta y la calidad del plan de trabajo.<\/li><li><strong>Relevancia<\/strong> y <strong>viabilidad<\/strong> del proyecto en general.<\/li><li>Las <strong>competencias<\/strong> y <strong>experiencia<\/strong> del grupo de investigaci\u00f3n a cargo de la implementaci\u00f3n del proyecto.<\/li><li>La <strong>proyecci\u00f3n de la valorizaci\u00f3n<\/strong> de los resultados del proyecto y su <strong>impacto<\/strong> en el desarrollo territorial y para el pa\u00eds. &nbsp;<\/li><\/ul>\n\n\n\n<p>En t\u00e9rminos concretos, de los proyectos para POC se espera obtener:<\/p>\n\n\n\n<ol class=\"wp-block-list\" type=\"1\"><li>La prueba de concepto a partir de resultados obtenidos de la investigaci\u00f3n cient\u00edfica. Esto incluye la implementaci\u00f3n incompleta o a peque\u00f1a escala de nuevas tecnolog\u00edas, metodolog\u00edas o ideas nuevas, as\u00ed como las pruebas de validaci\u00f3n o demostraci\u00f3n en el entorno real.<\/li><li>Evidencias de demanda socio \u2013 econ\u00f3mica del resultado, mostrando las potencialidades para la transferencia tecnol\u00f3gica con vistas a la valoraci\u00f3n.<\/li><\/ol>\n\n\n\n<p>La Convocatoria POC est\u00e1 abierta a todas las Facultades y Centros de Investigaci\u00f3n para presentar:<\/p>\n\n\n\n<ul class=\"wp-block-list\"><li><strong>Proyectos Interdisciplinarios<\/strong>, que crucen las fronteras de la investigaci\u00f3n disciplinar enmarcada en Facultades, grupos de investigaci\u00f3n y departamentos.<\/li><li><strong>Proyectos Innovadores, <\/strong>que aporten soluciones que puedan ser comercializadas o transferidas a la producci\u00f3n y los servicios<strong>. <\/strong>&nbsp;<\/li><\/ul>\n\n\n\n<p>La propuesta puede ser redactada en idioma Ingl\u00e9s (preferiblemente para los miembros del tribunal internacional) o en Espa\u00f1ol.<\/p>\n\n\n\n<p>El Financiamiento total disponible es equivalente a 5000 Euros para cada proyecto.<\/p>\n\n\n\n<p>El <strong>Cronograma<\/strong> de la convocatoria se explica a continuaci\u00f3n:<\/p>\n\n\n\n<ul class=\"wp-block-list\"><li>Lanzamiento de la Primera Convocatoria: <strong><em>Diciembre 15<\/em><\/strong>, <strong>2020<\/strong><\/li><li>Entrega de la Planilla para la Descripci\u00f3n del Proyecto: <strong><em>Enero 29, 2021.<\/em><\/strong><\/li><\/ul>\n\n\n\n<p><strong><em>*<\/em><\/strong>Los proyectos <strong>deben ser enviados<\/strong> en versi\u00f3n digital a la Coordinadora del Proyecto VLIR en la UO a la direcci\u00f3n de correo: <a href=\"mailto:local.coordinator@vlir.uo.edu.cu\">local.coordinator@vlir.uo.edu.cu<\/a>. &nbsp;<\/p>\n\n\n\n<ul class=\"wp-block-list\"><li>Evaluaci\u00f3n y preselecci\u00f3n de los Proyectos. Publicaci\u00f3n de los resultados de los proyectos preseleccionados: <strong><em>Febrero 27, 2021<\/em><\/strong><\/li><li>Lanzamiento de la Segunda Convocatoria para Proyectos para Prueba de Concepto (POC) (para proyectos preseleccionados): <strong><em>Marzo 1, 2021<\/em><\/strong><\/li><li>Env\u00edo de la propuesta de Proyecto para Prueba de Concepto (POC): <strong><em>Abril 30, 2021<\/em><\/strong><\/li><li>Publicaci\u00f3n de los resultados finales: <strong><em>Mayo 3, 2021<\/em><\/strong><\/li><\/ul>\n\n\n\n<hr class=\"wp-block-separator\" \/>\n\n\n\n<p>Para m\u00e1s informaci\u00f3n debe comunicarse con: Dra. C. Teresa Orber\u00e1 (local.coordinator@vlir.uo.edu.cu) <\/p>\n<!-- AddThis Advanced Settings generic via filter on the_content --><!-- AddThis Share Buttons generic via filter on the_content -->","protected":false},"excerpt":{"rendered":"<p>Proyectos para Prueba de Concepto Convocatoria a Proyectos para Prueba de Concepto (Empresa Interfaz de Ciencia, Innovaci\u00f3n y Tecnolog\u00eda de la Universidad de Oriente (CINTRO S.A) y el Programa de Colaboraci\u00f3n Internacional \u2018VLIR &#8211; IUC -UO\u2019) La presente Convocatoria se realiza en el marco del Programa de Colaboraci\u00f3n Internacional \u201cVLIR_IUC_UO\u201d, cuyos objetivos se enmarcan en [&hellip;]<!-- AddThis Advanced Settings generic via filter on get_the_excerpt --><!-- AddThis Share Buttons generic via filter on get_the_excerpt --><\/p>\n","protected":false},"author":958,"featured_media":0,"parent":0,"menu_order":0,"comment_status":"closed","ping_status":"closed","template":"","meta":{"ngg_post_thumbnail":0,"footnotes":""},"class_list":["post-88","page","type-page","status-publish","czr-hentry"],"_links":{"self":[{"href":"https:\/\/blogs.uo.edu.cu\/vlir\/wp-json\/wp\/v2\/pages\/88","targetHints":{"allow":["GET"]}}],"collection":[{"href":"https:\/\/blogs.uo.edu.cu\/vlir\/wp-json\/wp\/v2\/pages"}],"about":[{"href":"https:\/\/blogs.uo.edu.cu\/vlir\/wp-json\/wp\/v2\/types\/page"}],"author":[{"embeddable":true,"href":"https:\/\/blogs.uo.edu.cu\/vlir\/wp-json\/wp\/v2\/users\/958"}],"replies":[{"embeddable":true,"href":"https:\/\/blogs.uo.edu.cu\/vlir\/wp-json\/wp\/v2\/comments?post=88"}],"version-history":[{"count":9,"href":"https:\/\/blogs.uo.edu.cu\/vlir\/wp-json\/wp\/v2\/pages\/88\/revisions"}],"predecessor-version":[{"id":403,"href":"https:\/\/blogs.uo.edu.cu\/vlir\/wp-json\/wp\/v2\/pages\/88\/revisions\/403"}],"wp:attachment":[{"href":"https:\/\/blogs.uo.edu.cu\/vlir\/wp-json\/wp\/v2\/media?parent=88"}],"curies":[{"name":"wp","href":"https:\/\/api.w.org\/{rel}","templated":true}]}}