{"id":112,"date":"2017-08-30T13:44:01","date_gmt":"2017-08-30T13:44:01","guid":{"rendered":"http:\/\/vrd.uniblog.uo.edu.cu\/?page_id=112"},"modified":"2019-03-14T18:03:21","modified_gmt":"2019-03-14T18:03:21","slug":"curso-2016-2017","status":"publish","type":"page","link":"https:\/\/blogs.uo.edu.cu\/vrd\/planes-de-estudios\/curso-2016-2017\/","title":{"rendered":"Curso 2016 &#8211; 2017"},"content":{"rendered":"<p><strong>Planes de Estudio MES. Curso 2016 &#8211; 2017<\/strong><\/p>\n<p style=\"padding-left: 60px\"><a href=\"http:\/\/blogs.uo.edu.cu\/vrd\/wp-content\/uploads\/sites\/28\/2019\/03\/01-Plan-de-Estudio-Preescolar.-enero-2017.pdf\">01 Plan de Estudio Preescolar.<\/a><\/p>\n<p style=\"padding-left: 60px\"><a href=\"http:\/\/blogs.uo.edu.cu\/vrd\/wp-content\/uploads\/sites\/28\/2019\/03\/02-Plan-E-Ed-Primaria.pdf\">02 Plan E Ed Primaria<\/a><\/p>\n<p style=\"padding-left: 60px\"><a href=\"http:\/\/blogs.uo.edu.cu\/vrd\/wp-content\/uploads\/sites\/28\/2019\/03\/03-Plan-E-Ed.-Especial.pdf\">03 Plan E &#8211; Ed. Especial<\/a><\/p>\n<p style=\"padding-left: 60px\"><a href=\"http:\/\/blogs.uo.edu.cu\/vrd\/wp-content\/uploads\/sites\/28\/2019\/03\/04-Plan-E-Ed.-Logopedia.pdf\">04 Plan E &#8211; Ed. Logopedia<\/a><\/p>\n<p style=\"padding-left: 60px\"><a href=\"http:\/\/blogs.uo.edu.cu\/vrd\/wp-content\/uploads\/sites\/28\/2019\/03\/05-Plan-E-Ed.-Matem\u00e1tica.pdf\">05 Plan E &#8211; Ed. Matem\u00e1tica<\/a><\/p>\n<p style=\"padding-left: 60px\"><a href=\"http:\/\/blogs.uo.edu.cu\/vrd\/wp-content\/uploads\/sites\/28\/2019\/03\/06-Plan-E-Ed.-F\u00edsica.pdf\">06 Plan E &#8211; Ed. F\u00edsica<\/a><\/p>\n<p style=\"padding-left: 60px\"><a href=\"http:\/\/blogs.uo.edu.cu\/vrd\/wp-content\/uploads\/sites\/28\/2019\/03\/07-Plan-E-Ed.-Qu\u00edmica.pdf\">07 Plan E &#8211; Ed. Qu\u00edmica<\/a><\/p>\n<p style=\"padding-left: 60px\"><a href=\"http:\/\/blogs.uo.edu.cu\/vrd\/wp-content\/uploads\/sites\/28\/2019\/03\/08-Plan-E-Ed.-Biolog\u00eda.pdf\">08 Plan E &#8211; Ed. Biolog\u00eda<\/a><\/p>\n<p style=\"padding-left: 60px\"><a href=\"http:\/\/blogs.uo.edu.cu\/vrd\/wp-content\/uploads\/sites\/28\/2019\/03\/09-Plan-E-Ed.-Geograf\u00eda.pdf\">09 Plan E &#8211; Ed. Geograf\u00eda<\/a><\/p>\n<p style=\"padding-left: 60px\"><a href=\"http:\/\/blogs.uo.edu.cu\/vrd\/wp-content\/uploads\/sites\/28\/2019\/03\/10-Plan-E-Ed.-Educaci\u00f3n-Laboral.pdf\">10 Plan E &#8211; Ed. Educaci\u00f3n Laboral<\/a><\/p>\n<p style=\"padding-left: 60px\"><a href=\"http:\/\/blogs.uo.edu.cu\/vrd\/wp-content\/uploads\/sites\/28\/2019\/03\/11-Plan-E-Ed.-Informatica.pdf\">11 Plan E &#8211; Ed. Informatica<\/a><\/p>\n<p style=\"padding-left: 60px\"><a href=\"http:\/\/blogs.uo.edu.cu\/vrd\/wp-content\/uploads\/sites\/28\/2019\/03\/12-Plan-E-Ed.-Marxismo-Leninismo-e-Historia.pdf\">12 Plan E &#8211; Ed. Marxismo-Leninismo e Historia<\/a><\/p>\n<p style=\"padding-left: 60px\"><a href=\"http:\/\/blogs.uo.edu.cu\/vrd\/wp-content\/uploads\/sites\/28\/2019\/03\/13-Plan-E-Ed.-Espa\u00f1ol-Literatura.pdf\">13 Plan E &#8211; Ed. Espa\u00f1ol &#8211; Literatura<\/a><\/p>\n<p style=\"padding-left: 60px\"><a href=\"http:\/\/blogs.uo.edu.cu\/vrd\/wp-content\/uploads\/sites\/28\/2019\/03\/14-Plan-E-Pedagog\u00eda-Psicolog\u00eda.pdf\">14 Plan E &#8211; Pedagog\u00eda-Psicolog\u00eda<\/a><\/p>\n<p style=\"padding-left: 60px\"><a href=\"http:\/\/blogs.uo.edu.cu\/vrd\/wp-content\/uploads\/sites\/28\/2019\/03\/15-Plan-E-Ed.-Lenguas-Extranjeras.pdf\">15 Plan E &#8211; Ed. Lenguas Extranjeras<\/a><\/p>\n<p style=\"padding-left: 60px\"><a href=\"http:\/\/blogs.uo.edu.cu\/vrd\/wp-content\/uploads\/sites\/28\/2019\/03\/16-Plan-E-Ed.-Econom\u00eda.pdf\">16 Plan E &#8211; Ed. Econom\u00eda<\/a><\/p>\n<p style=\"padding-left: 60px\"><a href=\"http:\/\/blogs.uo.edu.cu\/vrd\/wp-content\/uploads\/sites\/28\/2019\/03\/17-Plan-E-Ed.-Qu\u00edmica-Industrial.pdf\">17 Plan E &#8211; Ed. Qu\u00edmica Industrial<\/a><\/p>\n<p style=\"padding-left: 60px\"><a href=\"http:\/\/blogs.uo.edu.cu\/vrd\/wp-content\/uploads\/sites\/28\/2019\/03\/18-Plan-E-Ed.-Construcci\u00f3n.pdf\">18 Plan E &#8211; Ed. Construcci\u00f3n<\/a><\/p>\n<p style=\"padding-left: 60px\"><a href=\"http:\/\/blogs.uo.edu.cu\/vrd\/wp-content\/uploads\/sites\/28\/2019\/03\/19-Plan-E-Ed-Mec\u00e1nica.pdf\">19 Plan E &#8211; Ed Mec\u00e1nica<\/a><\/p>\n<p style=\"padding-left: 60px\"><a href=\"http:\/\/blogs.uo.edu.cu\/vrd\/wp-content\/uploads\/sites\/28\/2019\/03\/20-Plan-E-Ed.-Electrica.pdf\">20 Plan E &#8211; Ed. Electrica<\/a><\/p>\n<p style=\"padding-left: 60px\"><a href=\"http:\/\/blogs.uo.edu.cu\/vrd\/wp-content\/uploads\/sites\/28\/2019\/03\/21-Plan-E-Ed.-Mecanizaci\u00f3n.pdf\">21 Plan E &#8211; Ed. Mecanizaci\u00f3n<\/a><\/p>\n<p style=\"padding-left: 60px\"><a href=\"http:\/\/blogs.uo.edu.cu\/vrd\/wp-content\/uploads\/sites\/28\/2019\/03\/22-Plan-E-Ed.-Agropecuaria.pdf\">22 Plan E &#8211; Ed. Agropecuaria<\/a><\/p>\n<p style=\"padding-left: 60px\"><a href=\"http:\/\/blogs.uo.edu.cu\/vrd\/wp-content\/uploads\/sites\/28\/2019\/03\/23-Plan-E-Ed-Art\u00edstica.pdf\">23 Plan E &#8211; Ed Art\u00edstica<\/a><\/p>\n<p style=\"padding-left: 60px\"><a href=\"http:\/\/blogs.uo.edu.cu\/vrd\/wp-content\/uploads\/sites\/28\/2019\/03\/24-Plan-E-Cultura-Fisica.pdf\">24 Plan E &#8211; Cultura Fisica<\/a><\/p>\n<p style=\"padding-left: 60px\"><a href=\"http:\/\/blogs.uo.edu.cu\/vrd\/wp-content\/uploads\/sites\/28\/2019\/03\/25-Plan-E-Turismo.pdf\">25 Plan E- Turismo<\/a><\/p>\n<p style=\"padding-left: 60px\"><a href=\"http:\/\/blogs.uo.edu.cu\/vrd\/wp-content\/uploads\/sites\/28\/2019\/03\/26-Plan-E_Gesti\u00f3n-Sociocultural.pdf\">26 Plan E_Gesti\u00f3n Sociocultural<\/a><\/p>\n<p style=\"padding-left: 60px\"><a href=\"http:\/\/blogs.uo.edu.cu\/vrd\/wp-content\/uploads\/sites\/28\/2019\/03\/27-Procesos-Agrondustriales.pdf\">27 Procesos Agrondustriales<\/a><\/p>\n","protected":false},"excerpt":{"rendered":"<p>Planes de Estudio MES. Curso 2016 &#8211; 2017 01 Plan de Estudio Preescolar. 02 Plan E Ed Primaria 03 Plan E &#8211; Ed. Especial 04 Plan E &#8211; Ed. Logopedia 05 Plan E &#8211; Ed. Matem\u00e1tica 06 Plan E &#8211; Ed. F\u00edsica 07 Plan E &#8211; Ed. Qu\u00edmica 08 Plan E &#8211; Ed. Biolog\u00eda 09 [&hellip;]<\/p>\n","protected":false},"author":25,"featured_media":0,"parent":419,"menu_order":0,"comment_status":"closed","ping_status":"closed","template":"","meta":{"ngg_post_thumbnail":0,"footnotes":""},"class_list":["post-112","page","type-page","status-publish","hentry"],"_links":{"self":[{"href":"https:\/\/blogs.uo.edu.cu\/vrd\/wp-json\/wp\/v2\/pages\/112","targetHints":{"allow":["GET"]}}],"collection":[{"href":"https:\/\/blogs.uo.edu.cu\/vrd\/wp-json\/wp\/v2\/pages"}],"about":[{"href":"https:\/\/blogs.uo.edu.cu\/vrd\/wp-json\/wp\/v2\/types\/page"}],"author":[{"embeddable":true,"href":"https:\/\/blogs.uo.edu.cu\/vrd\/wp-json\/wp\/v2\/users\/25"}],"replies":[{"embeddable":true,"href":"https:\/\/blogs.uo.edu.cu\/vrd\/wp-json\/wp\/v2\/comments?post=112"}],"version-history":[{"count":2,"href":"https:\/\/blogs.uo.edu.cu\/vrd\/wp-json\/wp\/v2\/pages\/112\/revisions"}],"predecessor-version":[{"id":578,"href":"https:\/\/blogs.uo.edu.cu\/vrd\/wp-json\/wp\/v2\/pages\/112\/revisions\/578"}],"up":[{"embeddable":true,"href":"https:\/\/blogs.uo.edu.cu\/vrd\/wp-json\/wp\/v2\/pages\/419"}],"wp:attachment":[{"href":"https:\/\/blogs.uo.edu.cu\/vrd\/wp-json\/wp\/v2\/media?parent=112"}],"curies":[{"name":"wp","href":"https:\/\/api.w.org\/{rel}","templated":true}]}}