{"id":148,"date":"2017-08-30T14:23:08","date_gmt":"2017-08-30T14:23:08","guid":{"rendered":"http:\/\/vrd.uniblog.uo.edu.cu\/?page_id=148"},"modified":"2019-03-14T17:34:57","modified_gmt":"2019-03-14T17:34:57","slug":"modalidad-presencial","status":"publish","type":"page","link":"https:\/\/blogs.uo.edu.cu\/vrd\/planes-de-estudios\/curso-2015-2016\/modalidad-presencial\/","title":{"rendered":"Modalidad Presencial"},"content":{"rendered":"<p><strong>Carreras<\/strong><\/p>\n<p style=\"margin-left: 35.4pt\"><a href=\"http:\/\/vrd.uniblog.uo.edu.cu\/files\/2017\/08\/Agronom\u00eda.pdf\" target=\"_blank\" rel=\"noopener\">Agronom\u00eda<\/a><\/p>\n<p style=\"margin-left: 35.4pt\"><a href=\"http:\/\/vrd.uniblog.uo.edu.cu\/files\/2017\/08\/Arquitectura-y-Urbanismo.pdf\" target=\"_blank\" rel=\"noopener\">Arquitectura y Urbanismo<\/a><\/p>\n<p style=\"margin-left: 35.4pt\"><a href=\"http:\/\/vrd.uniblog.uo.edu.cu\/files\/2017\/08\/Biolog\u00eda.pdf\" target=\"_blank\" rel=\"noopener\">Biolog\u00eda&nbsp;<\/a><\/p>\n<p style=\"margin-left: 35.4pt\"><a href=\"http:\/\/blogs.uo.edu.cu\/vrd\/wp-content\/uploads\/sites\/28\/2019\/03\/Arquitectura-y-Urbanismo-1.pdf\">Arquitectura y Urbanismo<\/a><\/p>\n<p style=\"margin-left: 35.4pt\"><a href=\"http:\/\/blogs.uo.edu.cu\/vrd\/wp-content\/uploads\/sites\/28\/2019\/03\/Ciencia-de-la-Computaci\u00f3n.pdf\">Ciencia de la Computaci\u00f3n<\/a><\/p>\n<p style=\"margin-left: 35.4pt\"><a href=\"http:\/\/blogs.uo.edu.cu\/vrd\/wp-content\/uploads\/sites\/28\/2019\/03\/Ciencias-Farmac\u00e9uticas.pdf\">Ciencias Farmac\u00e9uticas<\/a><\/p>\n<p style=\"margin-left: 35.4pt\"><a href=\"http:\/\/blogs.uo.edu.cu\/vrd\/wp-content\/uploads\/sites\/28\/2019\/03\/Comunicaci\u00f3n-Social.pdf\">Comunicaci\u00f3n Social<\/a><\/p>\n<p style=\"margin-left: 35.4pt\"><a href=\"http:\/\/blogs.uo.edu.cu\/vrd\/wp-content\/uploads\/sites\/28\/2019\/03\/Contabilidad-y-Finanzas.pdf\">Contabilidad y Finanzas<\/a><\/p>\n<p style=\"margin-left: 35.4pt\"><a href=\"http:\/\/blogs.uo.edu.cu\/vrd\/wp-content\/uploads\/sites\/28\/2019\/03\/Cultura-F\u00edsica.pdf\">Cultura F\u00edsica<\/a><\/p>\n<p style=\"margin-left: 35.4pt\"><a href=\"http:\/\/blogs.uo.edu.cu\/vrd\/wp-content\/uploads\/sites\/28\/2019\/03\/Derecho.pdf\">Derecho<\/a> <a href=\"http:\/\/blogs.uo.edu.cu\/vrd\/wp-content\/uploads\/sites\/28\/2019\/03\/Econom\u00eda.pdf\">Econom\u00eda<\/a><\/p>\n<p style=\"margin-left: 35.4pt\"><a href=\"http:\/\/blogs.uo.edu.cu\/vrd\/wp-content\/uploads\/sites\/28\/2019\/03\/Educaci\u00f3n-Art\u00edstica.pdf\">Educaci\u00f3n Art\u00edstica<\/a><\/p>\n<p style=\"margin-left: 35.4pt\"><a href=\"http:\/\/blogs.uo.edu.cu\/vrd\/wp-content\/uploads\/sites\/28\/2019\/03\/Educaci\u00f3n-Especial.pdf\">Educaci\u00f3n Especial<\/a><\/p>\n<p style=\"margin-left: 35.4pt\"><a href=\"http:\/\/blogs.uo.edu.cu\/vrd\/wp-content\/uploads\/sites\/28\/2019\/03\/Educaci\u00f3n-Laboral-Inform\u00e1tica.pdf\">Educaci\u00f3n Laboral Inform\u00e1tica<\/a><\/p>\n<p style=\"margin-left: 35.4pt\"><a href=\"http:\/\/blogs.uo.edu.cu\/vrd\/wp-content\/uploads\/sites\/28\/2019\/03\/Educaci\u00f3n-Logopedia.pdf\">Educaci\u00f3n Logopedia<\/a><\/p>\n<p style=\"margin-left: 35.4pt\"><a href=\"http:\/\/blogs.uo.edu.cu\/vrd\/wp-content\/uploads\/sites\/28\/2019\/03\/Educaci\u00f3n-Primaria.pdf\">Educaci\u00f3n Primaria<\/a><\/p>\n<p style=\"margin-left: 35.4pt\"><a href=\"http:\/\/blogs.uo.edu.cu\/vrd\/wp-content\/uploads\/sites\/28\/2019\/03\/Educaci\u00f3n.-Biolog\u00eda-Geograf\u00eda.pdf\">Educaci\u00f3n. Biolog\u00eda Geograf\u00eda<\/a><\/p>\n<p style=\"margin-left: 35.4pt\"><a href=\"http:\/\/blogs.uo.edu.cu\/vrd\/wp-content\/uploads\/sites\/28\/2019\/03\/Educaci\u00f3n.-Biolog\u00eda-Qu\u00edmica.pdf\">Educaci\u00f3n. Biolog\u00eda Qu\u00edmica<\/a><\/p>\n<p style=\"margin-left: 35.4pt\"><a href=\"http:\/\/blogs.uo.edu.cu\/vrd\/wp-content\/uploads\/sites\/28\/2019\/03\/Educaci\u00f3n.-El\u00e9ctrica.pdf\">Educaci\u00f3n. El\u00e9ctrica<\/a><\/p>\n<p style=\"margin-left: 35.4pt\"><a href=\"http:\/\/blogs.uo.edu.cu\/vrd\/wp-content\/uploads\/sites\/28\/2019\/03\/Educaci\u00f3n.-Espa\u00f1ol-Literatura.pdf\">Educaci\u00f3n. Espa\u00f1ol Literatura<\/a><\/p>\n<p style=\"margin-left: 35.4pt\"><a href=\"http:\/\/blogs.uo.edu.cu\/vrd\/wp-content\/uploads\/sites\/28\/2019\/03\/Educaci\u00f3n.-Lenguas-Extranjeras.pdf\">Educaci\u00f3n. Lenguas Extranjeras<\/a><\/p>\n<p style=\"margin-left: 35.4pt\"><a href=\"http:\/\/blogs.uo.edu.cu\/vrd\/wp-content\/uploads\/sites\/28\/2019\/03\/Educaci\u00f3n.-Marxismo-Leninismo-Historia.pdf\">Educaci\u00f3n. Marxismo Leninismo Historia<\/a><\/p>\n<p style=\"margin-left: 35.4pt\"><a href=\"http:\/\/blogs.uo.edu.cu\/vrd\/wp-content\/uploads\/sites\/28\/2019\/03\/Educaci\u00f3n.-Matem\u00e1tica-F\u00edsica.pdf\">Educaci\u00f3n. Matem\u00e1tica F\u00edsica<\/a><\/p>\n<p style=\"margin-left: 35.4pt\"><a href=\"http:\/\/blogs.uo.edu.cu\/vrd\/wp-content\/uploads\/sites\/28\/2019\/03\/Educaci\u00f3n.-Mec\u00e1nica.pdf\">Educaci\u00f3n. Mec\u00e1nica<\/a><\/p>\n<p style=\"margin-left: 35.4pt\"><a href=\"http:\/\/blogs.uo.edu.cu\/vrd\/wp-content\/uploads\/sites\/28\/2019\/03\/Educaci\u00f3n.-Qu\u00edmica-Industrial.pdf\">Educaci\u00f3n. Qu\u00edmica Industrial<\/a><\/p>\n<p style=\"margin-left: 35.4pt\"><a href=\"http:\/\/blogs.uo.edu.cu\/vrd\/wp-content\/uploads\/sites\/28\/2019\/03\/Educaci\u00f3n.Econom\u00eda.pdf\">Educaci\u00f3n.Econom\u00eda<\/a><\/p>\n<p style=\"margin-left: 35.4pt\"><a href=\"http:\/\/blogs.uo.edu.cu\/vrd\/wp-content\/uploads\/sites\/28\/2019\/03\/Estudios-socioculturales.pdf\">Estudios socioculturales<\/a><\/p>\n<p style=\"margin-left: 35.4pt\"><a href=\"http:\/\/blogs.uo.edu.cu\/vrd\/wp-content\/uploads\/sites\/28\/2019\/03\/Filosof\u00eda-Marxista-Leninista.pdf\">Filosof\u00eda Marxista Leninista<\/a><\/p>\n<p style=\"margin-left: 35.4pt\"><a href=\"http:\/\/blogs.uo.edu.cu\/vrd\/wp-content\/uploads\/sites\/28\/2019\/03\/F\u00edsica.pdf\">F\u00edsica<\/a> <a href=\"http:\/\/blogs.uo.edu.cu\/vrd\/wp-content\/uploads\/sites\/28\/2019\/03\/Historia-del-Arte.pdf\">Historia del Arte<\/a><\/p>\n<p style=\"margin-left: 35.4pt\"><a href=\"http:\/\/blogs.uo.edu.cu\/vrd\/wp-content\/uploads\/sites\/28\/2019\/03\/Historia.pdf\">Historia<\/a><\/p>\n<p style=\"margin-left: 35.4pt\"><a href=\"http:\/\/blogs.uo.edu.cu\/vrd\/wp-content\/uploads\/sites\/28\/2019\/03\/Ingenier\u00eda-Autom\u00e1tica.pdf\">Ingenier\u00eda Autom\u00e1tica<\/a><\/p>\n<p style=\"margin-left: 35.4pt\"><a href=\"http:\/\/blogs.uo.edu.cu\/vrd\/wp-content\/uploads\/sites\/28\/2019\/03\/Ingenier\u00eda-Biom\u00e9dica.pdf\">Ingenier\u00eda Biom\u00e9dica<\/a><\/p>\n<p style=\"margin-left: 35.4pt\"><a href=\"http:\/\/blogs.uo.edu.cu\/vrd\/wp-content\/uploads\/sites\/28\/2019\/03\/Ingenier\u00eda-Civil.pdf\">Ingenier\u00eda Civil<\/a><\/p>\n<p style=\"margin-left: 35.4pt\"><a href=\"http:\/\/blogs.uo.edu.cu\/vrd\/wp-content\/uploads\/sites\/28\/2019\/03\/Ingenier\u00eda-El\u00e9ctrica.pdf\">Ingenier\u00eda El\u00e9ctrica<\/a><\/p>\n<p style=\"margin-left: 35.4pt\"><a href=\"http:\/\/blogs.uo.edu.cu\/vrd\/wp-content\/uploads\/sites\/28\/2019\/03\/Ingenier\u00eda-Hidr\u00e1ulica.pdf\">Ingenier\u00eda Hidr\u00e1ulica<\/a><\/p>\n<p style=\"margin-left: 35.4pt\"><a href=\"http:\/\/blogs.uo.edu.cu\/vrd\/wp-content\/uploads\/sites\/28\/2019\/03\/Ingenier\u00eda-Industrial.pdf\">Ingenier\u00eda Industrial<\/a><\/p>\n<p style=\"margin-left: 35.4pt\"><a href=\"http:\/\/blogs.uo.edu.cu\/vrd\/wp-content\/uploads\/sites\/28\/2019\/03\/Ingenier\u00eda-Inform\u00e1tica.pdf\">Ingenier\u00eda Inform\u00e1tica<\/a><\/p>\n<p style=\"margin-left: 35.4pt\"><a href=\"http:\/\/blogs.uo.edu.cu\/vrd\/wp-content\/uploads\/sites\/28\/2019\/03\/Ingenier\u00eda-Mec\u00e1nica.pdf\">Ingenier\u00eda Mec\u00e1nica<\/a><\/p>\n<p style=\"margin-left: 35.4pt\"><a href=\"http:\/\/blogs.uo.edu.cu\/vrd\/wp-content\/uploads\/sites\/28\/2019\/03\/Ingenier\u00eda-Qu\u00edmica.pdf\">Ingenier\u00eda Qu\u00edmica<\/a><\/p>\n<p style=\"margin-left: 35.4pt\"><a href=\"http:\/\/blogs.uo.edu.cu\/vrd\/wp-content\/uploads\/sites\/28\/2019\/03\/Lengua-Inglesa.pdf\">Lengua Inglesa<\/a><\/p>\n<p style=\"margin-left: 35.4pt\"><a href=\"http:\/\/blogs.uo.edu.cu\/vrd\/wp-content\/uploads\/sites\/28\/2019\/03\/Licenciatura-en-Letras.pdf\">Licenciatura en Letras<\/a><\/p>\n<p style=\"margin-left: 35.4pt\"><a href=\"http:\/\/blogs.uo.edu.cu\/vrd\/wp-content\/uploads\/sites\/28\/2019\/03\/Licenciatura-Qu\u00edmica.pdf\">Licenciatura Qu\u00edmica<\/a><\/p>\n<p style=\"margin-left: 35.4pt\"><a href=\"http:\/\/blogs.uo.edu.cu\/vrd\/wp-content\/uploads\/sites\/28\/2019\/03\/Matem\u00e1tica.pdf\">Matem\u00e1tica<\/a><\/p>\n<p style=\"margin-left: 35.4pt\"><a href=\"http:\/\/blogs.uo.edu.cu\/vrd\/wp-content\/uploads\/sites\/28\/2019\/03\/Pedagog\u00eda-Psicolog\u00eda.pdf\">Pedagog\u00eda-Psicolog\u00eda<\/a><\/p>\n<p style=\"margin-left: 35.4pt\"><a href=\"http:\/\/blogs.uo.edu.cu\/vrd\/wp-content\/uploads\/sites\/28\/2019\/03\/Periodismo.pdf\">Periodismo<\/a> <a href=\"http:\/\/blogs.uo.edu.cu\/vrd\/wp-content\/uploads\/sites\/28\/2019\/03\/Prescolar.pdf\">Prescolar<\/a><\/p>\n<p style=\"margin-left: 35.4pt\"><a href=\"http:\/\/blogs.uo.edu.cu\/vrd\/wp-content\/uploads\/sites\/28\/2019\/03\/Psicolog\u00eda.pdf\">Psicolog\u00eda<\/a><\/p>\n<p style=\"margin-left: 35.4pt\"><a href=\"http:\/\/blogs.uo.edu.cu\/vrd\/wp-content\/uploads\/sites\/28\/2019\/03\/Sociolog\u00eda.pdf\">Sociolog\u00eda<\/a><\/p>\n<p style=\"margin-left: 35.4pt\"><a href=\"http:\/\/blogs.uo.edu.cu\/vrd\/wp-content\/uploads\/sites\/28\/2019\/03\/Telecomunicaciones-y-Electr\u00f3nica.pdf\">Telecomunicaciones y Electr\u00f3nica<\/a><\/p>\n<p style=\"margin-left: 35.4pt\"><a href=\"http:\/\/blogs.uo.edu.cu\/vrd\/wp-content\/uploads\/sites\/28\/2019\/03\/Turismo.pdf\">Turismo<\/a><\/p>\n<p style=\"margin-left: 35.4pt\">&nbsp;<\/p>\n","protected":false},"excerpt":{"rendered":"<p>Carreras Agronom\u00eda Arquitectura y Urbanismo Biolog\u00eda&nbsp; Arquitectura y Urbanismo Ciencia de la Computaci\u00f3n Ciencias Farmac\u00e9uticas Comunicaci\u00f3n Social Contabilidad y Finanzas Cultura F\u00edsica Derecho Econom\u00eda Educaci\u00f3n Art\u00edstica Educaci\u00f3n Especial Educaci\u00f3n Laboral Inform\u00e1tica Educaci\u00f3n Logopedia Educaci\u00f3n Primaria Educaci\u00f3n. Biolog\u00eda Geograf\u00eda Educaci\u00f3n. Biolog\u00eda Qu\u00edmica Educaci\u00f3n. El\u00e9ctrica Educaci\u00f3n. Espa\u00f1ol Literatura Educaci\u00f3n. Lenguas Extranjeras Educaci\u00f3n. Marxismo Leninismo Historia Educaci\u00f3n. Matem\u00e1tica [&hellip;]<\/p>\n","protected":false},"author":25,"featured_media":0,"parent":110,"menu_order":0,"comment_status":"closed","ping_status":"closed","template":"","meta":{"ngg_post_thumbnail":0,"footnotes":""},"class_list":["post-148","page","type-page","status-publish","hentry"],"_links":{"self":[{"href":"https:\/\/blogs.uo.edu.cu\/vrd\/wp-json\/wp\/v2\/pages\/148","targetHints":{"allow":["GET"]}}],"collection":[{"href":"https:\/\/blogs.uo.edu.cu\/vrd\/wp-json\/wp\/v2\/pages"}],"about":[{"href":"https:\/\/blogs.uo.edu.cu\/vrd\/wp-json\/wp\/v2\/types\/page"}],"author":[{"embeddable":true,"href":"https:\/\/blogs.uo.edu.cu\/vrd\/wp-json\/wp\/v2\/users\/25"}],"replies":[{"embeddable":true,"href":"https:\/\/blogs.uo.edu.cu\/vrd\/wp-json\/wp\/v2\/comments?post=148"}],"version-history":[{"count":1,"href":"https:\/\/blogs.uo.edu.cu\/vrd\/wp-json\/wp\/v2\/pages\/148\/revisions"}],"predecessor-version":[{"id":534,"href":"https:\/\/blogs.uo.edu.cu\/vrd\/wp-json\/wp\/v2\/pages\/148\/revisions\/534"}],"up":[{"embeddable":true,"href":"https:\/\/blogs.uo.edu.cu\/vrd\/wp-json\/wp\/v2\/pages\/110"}],"wp:attachment":[{"href":"https:\/\/blogs.uo.edu.cu\/vrd\/wp-json\/wp\/v2\/media?parent=148"}],"curies":[{"name":"wp","href":"https:\/\/api.w.org\/{rel}","templated":true}]}}