{"id":150,"date":"2017-08-30T14:23:27","date_gmt":"2017-08-30T14:23:27","guid":{"rendered":"http:\/\/vrd.uniblog.uo.edu.cu\/?page_id=150"},"modified":"2019-03-14T17:48:02","modified_gmt":"2019-03-14T17:48:02","slug":"modalidad-semipresencial","status":"publish","type":"page","link":"https:\/\/blogs.uo.edu.cu\/vrd\/planes-de-estudios\/curso-2015-2016\/modalidad-semipresencial\/","title":{"rendered":"Modalidad Semipresencial 2015-2016"},"content":{"rendered":"<p><strong>Carreras<\/strong><\/p>\n<p style=\"padding-left: 60px\"><a href=\"http:\/\/blogs.uo.edu.cu\/vrd\/wp-content\/uploads\/sites\/28\/2019\/03\/Autom\u00e1tica.pdf\">Autom\u00e1tica<\/a><\/p>\n<p style=\"padding-left: 60px\"><a href=\"http:\/\/blogs.uo.edu.cu\/vrd\/wp-content\/uploads\/sites\/28\/2019\/03\/Biolog\u00eda-Geograf\u00eda-4-a\u00f1os.pdf\">Biolog\u00eda &#8211;<\/a><\/p>\n<p style=\"padding-left: 60px\"><a href=\"http:\/\/blogs.uo.edu.cu\/vrd\/wp-content\/uploads\/sites\/28\/2019\/03\/Biolog\u00eda-Geograf\u00eda-4-a\u00f1os.pdf\"> Geograf\u00eda 4 a\u00f1os<\/a><\/p>\n<p style=\"padding-left: 60px\"><a href=\"http:\/\/blogs.uo.edu.cu\/vrd\/wp-content\/uploads\/sites\/28\/2019\/03\/Biolog\u00eda-Qu\u00edmica-4-a\u00f1os.pdf\">Biolog\u00eda- Qu\u00edmica 4 a\u00f1os<\/a><\/p>\n<p style=\"padding-left: 60px\"><a href=\"http:\/\/blogs.uo.edu.cu\/vrd\/wp-content\/uploads\/sites\/28\/2019\/03\/Biom\u00e9dica.pdf\">Biom\u00e9dica<\/a><\/p>\n<p style=\"padding-left: 60px\"><a href=\"http:\/\/blogs.uo.edu.cu\/vrd\/wp-content\/uploads\/sites\/28\/2019\/03\/Comunicaci\u00f3n-Social-1.pdf\">Comunicaci\u00f3n Social<\/a><\/p>\n<p style=\"padding-left: 60px\"><a href=\"http:\/\/blogs.uo.edu.cu\/vrd\/wp-content\/uploads\/sites\/28\/2019\/03\/Contabilidad-y-Finanzas-1.pdf\">Contabilidad y Finanzas<\/a><\/p>\n<p style=\"padding-left: 60px\"><a href=\"http:\/\/blogs.uo.edu.cu\/vrd\/wp-content\/uploads\/sites\/28\/2019\/03\/Cultura-F\u00edsica-1.pdf\">Cultura F\u00edsica<\/a><\/p>\n<p style=\"padding-left: 60px\"><a href=\"http:\/\/blogs.uo.edu.cu\/vrd\/wp-content\/uploads\/sites\/28\/2019\/03\/Derecho-1.pdf\">Derecho<\/a><\/p>\n<p style=\"padding-left: 60px\"><a href=\"http:\/\/blogs.uo.edu.cu\/vrd\/wp-content\/uploads\/sites\/28\/2019\/03\/Econom\u00eda-1.pdf\">Econom\u00eda<\/a><\/p>\n<p style=\"padding-left: 60px\"><a href=\"http:\/\/blogs.uo.edu.cu\/vrd\/wp-content\/uploads\/sites\/28\/2019\/03\/Educaci\u00f3n-Especial-4-a\u00f1os.pdf\">Educaci\u00f3n Especial 4 a\u00f1os<\/a><\/p>\n<p style=\"padding-left: 60px\"><a href=\"http:\/\/blogs.uo.edu.cu\/vrd\/wp-content\/uploads\/sites\/28\/2019\/03\/Educaci\u00f3n-Laboral-Inform\u00e1tica-4-a\u00f1os.pdf\">Educaci\u00f3n Laboral &#8211; Inform\u00e1tica 4 a\u00f1os<\/a><\/p>\n<p style=\"padding-left: 60px\"><a href=\"http:\/\/blogs.uo.edu.cu\/vrd\/wp-content\/uploads\/sites\/28\/2019\/03\/Educaci\u00f3n-Laboral-Inform\u00e1tica-5-a\u00f1os.pdf\">Educaci\u00f3n Laboral &#8211; Inform\u00e1tica 5 a\u00f1os<\/a><\/p>\n<p style=\"padding-left: 60px\"><a href=\"http:\/\/blogs.uo.edu.cu\/vrd\/wp-content\/uploads\/sites\/28\/2019\/03\/Educaci\u00f3n-Marxismo-Leninismo-Historia-4-a\u00f1os.pdf\">Educaci\u00f3n Marxismo &#8211; Leninismo Historia 4 a\u00f1os<\/a><\/p>\n<p style=\"padding-left: 60px\"><a href=\"http:\/\/blogs.uo.edu.cu\/vrd\/wp-content\/uploads\/sites\/28\/2019\/03\/Educaci\u00f3n-Primaria-5-a\u00f1os.pdf\">Educaci\u00f3n Primaria 5 a\u00f1os<\/a><\/p>\n<p style=\"padding-left: 60px\"><a href=\"http:\/\/blogs.uo.edu.cu\/vrd\/wp-content\/uploads\/sites\/28\/2019\/03\/Educaci\u00f3n.-Biolog\u00eda-Geograf\u00eda-5-a\u00f1os.pdf\">Educaci\u00f3n. Biolog\u00eda Geograf\u00eda 5 a\u00f1os<\/a><\/p>\n<p style=\"padding-left: 60px\"><a href=\"http:\/\/blogs.uo.edu.cu\/vrd\/wp-content\/uploads\/sites\/28\/2019\/03\/Educaci\u00f3n.-Biolog\u00eda-Qu\u00edmica-5-a\u00f1os.pdf\">Educaci\u00f3n. Biolog\u00eda Qu\u00edmica 5 a\u00f1os<\/a><\/p>\n<p style=\"padding-left: 60px\"><a href=\"http:\/\/blogs.uo.edu.cu\/vrd\/wp-content\/uploads\/sites\/28\/2019\/03\/Educaci\u00f3n.-El\u00e9ctrica-1.pdf\">Educaci\u00f3n. El\u00e9ctrica<\/a><\/p>\n<p style=\"padding-left: 60px\"><a href=\"http:\/\/blogs.uo.edu.cu\/vrd\/wp-content\/uploads\/sites\/28\/2019\/03\/Educaci\u00f3n.-Espa\u00f1ol-Literatura-5-a\u00f1os.pdf\">Educaci\u00f3n. Espa\u00f1ol Literatura 5 a\u00f1os<\/a><\/p>\n<p style=\"padding-left: 60px\"><a href=\"http:\/\/blogs.uo.edu.cu\/vrd\/wp-content\/uploads\/sites\/28\/2019\/03\/Educaci\u00f3n.-Lenguas-Extranjeras-4-a\u00f1os.pdf\">Educaci\u00f3n. Lenguas Extranjeras 4 a\u00f1os<\/a><\/p>\n<p style=\"padding-left: 60px\"><a href=\"http:\/\/blogs.uo.edu.cu\/vrd\/wp-content\/uploads\/sites\/28\/2019\/03\/Educaci\u00f3n.-Lenguas-Extranjeras-5-a\u00f1os.pdf\">Educaci\u00f3n. Lenguas Extranjeras 5 a\u00f1os<\/a><\/p>\n<p style=\"padding-left: 60px\"><a href=\"http:\/\/blogs.uo.edu.cu\/vrd\/wp-content\/uploads\/sites\/28\/2019\/03\/Educaci\u00f3n.-Marxismo-Leninismo-Historia-5-a\u00f1os.pdf\">Educaci\u00f3n. Marxismo Leninismo Historia 5 a\u00f1os<\/a><\/p>\n<p style=\"padding-left: 60px\"><a href=\"http:\/\/blogs.uo.edu.cu\/vrd\/wp-content\/uploads\/sites\/28\/2019\/03\/Educaci\u00f3n.-Matem\u00e1tica-F\u00edsica-5-a\u00f1os.pdf\">Educaci\u00f3n. Matem\u00e1tica F\u00edsica 5 a\u00f1os<\/a><\/p>\n<p style=\"padding-left: 60px\"><a href=\"http:\/\/blogs.uo.edu.cu\/vrd\/wp-content\/uploads\/sites\/28\/2019\/03\/Educaci\u00f3n.-Preescolar-4-a\u00f1os.pdf\">Educaci\u00f3n. Preescolar 4 a\u00f1os<\/a><\/p>\n<p style=\"padding-left: 60px\"><a href=\"http:\/\/blogs.uo.edu.cu\/vrd\/wp-content\/uploads\/sites\/28\/2019\/03\/Educaci\u00f3n.-Prescolar-5-a\u00f1os.pdf\">Educaci\u00f3n. Prescolar 5 a\u00f1os<\/a><\/p>\n<p style=\"padding-left: 60px\"><a href=\"http:\/\/blogs.uo.edu.cu\/vrd\/wp-content\/uploads\/sites\/28\/2019\/03\/Educaci\u00f3n.-Primaria-4-a\u00f1os.pdf\">Educaci\u00f3n. Primaria 4 a\u00f1os<\/a><\/p>\n<p style=\"padding-left: 60px\"><a href=\"http:\/\/blogs.uo.edu.cu\/vrd\/wp-content\/uploads\/sites\/28\/2019\/03\/Espa\u00f1ol-Literatura-4-a\u00f1os.pdf\">Espa\u00f1ol -Literatura 4 a\u00f1os<\/a><\/p>\n<p style=\"padding-left: 60px\"><a href=\"http:\/\/blogs.uo.edu.cu\/vrd\/wp-content\/uploads\/sites\/28\/2019\/03\/Estudios-socioculturales-1.pdf\">Estudios socioculturales<\/a><\/p>\n<p style=\"padding-left: 60px\"><a href=\"http:\/\/blogs.uo.edu.cu\/vrd\/wp-content\/uploads\/sites\/28\/2019\/03\/Historia-1.pdf\">Historia<\/a> <a href=\"http:\/\/blogs.uo.edu.cu\/vrd\/wp-content\/uploads\/sites\/28\/2019\/03\/Ingenier\u00eda-El\u00e9ctrica-1.pdf\">Ingenier\u00eda El\u00e9ctrica<\/a><\/p>\n<p style=\"padding-left: 60px\"><a href=\"http:\/\/blogs.uo.edu.cu\/vrd\/wp-content\/uploads\/sites\/28\/2019\/03\/Ingenier\u00eda-Industrial-1.pdf\">Ingenier\u00eda Industrial<\/a><\/p>\n<p style=\"padding-left: 60px\"><a href=\"http:\/\/blogs.uo.edu.cu\/vrd\/wp-content\/uploads\/sites\/28\/2019\/03\/Ingenier\u00eda-Inform\u00e1tica-1.pdf\">Ingenier\u00eda Inform\u00e1tica<\/a><\/p>\n<p style=\"padding-left: 60px\"><a href=\"http:\/\/blogs.uo.edu.cu\/vrd\/wp-content\/uploads\/sites\/28\/2019\/03\/Ingenier\u00eda-Mec\u00e1nica-1.pdf\">Ingenier\u00eda Mec\u00e1nica<\/a><\/p>\n<p style=\"padding-left: 60px\"><a href=\"http:\/\/blogs.uo.edu.cu\/vrd\/wp-content\/uploads\/sites\/28\/2019\/03\/Ingenier\u00eda-Qu\u00edmica-1.pdf\">Ingenier\u00eda Qu\u00edmica<\/a><\/p>\n<p style=\"padding-left: 60px\"><a href=\"http:\/\/blogs.uo.edu.cu\/vrd\/wp-content\/uploads\/sites\/28\/2019\/03\/Ingeniero-Agr\u00f3nomo.pdf\">Ingeniero Agr\u00f3nomo<\/a><\/p>\n<p style=\"padding-left: 60px\"><a href=\"http:\/\/blogs.uo.edu.cu\/vrd\/wp-content\/uploads\/sites\/28\/2019\/03\/Matem\u00e1tica-y-F\u00edsica-4-a\u00f1os.pdf\">Matem\u00e1tica y F\u00edsica 4 a\u00f1os<\/a><\/p>\n<p style=\"padding-left: 60px\"><a href=\"http:\/\/blogs.uo.edu.cu\/vrd\/wp-content\/uploads\/sites\/28\/2019\/03\/Procesos-Agroindustriales.pdf\">Procesos Agroindustriales<\/a><\/p>\n<p style=\"padding-left: 60px\"><a href=\"http:\/\/blogs.uo.edu.cu\/vrd\/wp-content\/uploads\/sites\/28\/2019\/03\/Psicolog\u00eda-1.pdf\">Psicolog\u00eda<\/a><\/p>\n<p style=\"padding-left: 60px\"><a href=\"http:\/\/blogs.uo.edu.cu\/vrd\/wp-content\/uploads\/sites\/28\/2019\/03\/Telecomunicaciones-y-Electr\u00f3nica-1.pdf\">Telecomunicaciones y Electr\u00f3nica<\/a><\/p>\n<p style=\"margin-left: 35.4pt\">&nbsp;<\/p>\n","protected":false},"excerpt":{"rendered":"<p>Carreras Autom\u00e1tica Biolog\u00eda &#8211; Geograf\u00eda 4 a\u00f1os Biolog\u00eda- Qu\u00edmica 4 a\u00f1os Biom\u00e9dica Comunicaci\u00f3n Social Contabilidad y Finanzas Cultura F\u00edsica Derecho Econom\u00eda Educaci\u00f3n Especial 4 a\u00f1os Educaci\u00f3n Laboral &#8211; Inform\u00e1tica 4 a\u00f1os Educaci\u00f3n Laboral &#8211; Inform\u00e1tica 5 a\u00f1os Educaci\u00f3n Marxismo &#8211; Leninismo Historia 4 a\u00f1os Educaci\u00f3n Primaria 5 a\u00f1os Educaci\u00f3n. Biolog\u00eda Geograf\u00eda 5 a\u00f1os Educaci\u00f3n. Biolog\u00eda [&hellip;]<\/p>\n","protected":false},"author":25,"featured_media":0,"parent":110,"menu_order":0,"comment_status":"closed","ping_status":"closed","template":"","meta":{"ngg_post_thumbnail":0,"footnotes":""},"class_list":["post-150","page","type-page","status-publish","hentry"],"_links":{"self":[{"href":"https:\/\/blogs.uo.edu.cu\/vrd\/wp-json\/wp\/v2\/pages\/150","targetHints":{"allow":["GET"]}}],"collection":[{"href":"https:\/\/blogs.uo.edu.cu\/vrd\/wp-json\/wp\/v2\/pages"}],"about":[{"href":"https:\/\/blogs.uo.edu.cu\/vrd\/wp-json\/wp\/v2\/types\/page"}],"author":[{"embeddable":true,"href":"https:\/\/blogs.uo.edu.cu\/vrd\/wp-json\/wp\/v2\/users\/25"}],"replies":[{"embeddable":true,"href":"https:\/\/blogs.uo.edu.cu\/vrd\/wp-json\/wp\/v2\/comments?post=150"}],"version-history":[{"count":2,"href":"https:\/\/blogs.uo.edu.cu\/vrd\/wp-json\/wp\/v2\/pages\/150\/revisions"}],"predecessor-version":[{"id":574,"href":"https:\/\/blogs.uo.edu.cu\/vrd\/wp-json\/wp\/v2\/pages\/150\/revisions\/574"}],"up":[{"embeddable":true,"href":"https:\/\/blogs.uo.edu.cu\/vrd\/wp-json\/wp\/v2\/pages\/110"}],"wp:attachment":[{"href":"https:\/\/blogs.uo.edu.cu\/vrd\/wp-json\/wp\/v2\/media?parent=150"}],"curies":[{"name":"wp","href":"https:\/\/api.w.org\/{rel}","templated":true}]}}