{"id":18,"date":"2017-08-29T14:38:24","date_gmt":"2017-08-29T14:38:24","guid":{"rendered":"http:\/\/vrd.uniblog.uo.edu.cu\/?page_id=18"},"modified":"2019-03-15T14:33:20","modified_gmt":"2019-03-15T14:33:20","slug":"direccion-extension-universitaria","status":"publish","type":"page","link":"https:\/\/blogs.uo.edu.cu\/vrd\/planes-de-estudios\/cursos-electivos-centralizados\/direccion-extension-universitaria\/","title":{"rendered":"Direcci\u00f3n Extensi\u00f3n Universitaria"},"content":{"rendered":"<p><a href=\"http:\/\/blogs.uo.edu.cu\/vrd\/wp-content\/uploads\/sites\/28\/2019\/03\/Educaci\u00f3n-para-la-salud-sexual-y-reproductiva.pdf\">Educaci\u00f3n para la salud sexual y reproductiva<\/a><\/p>\n<p><a href=\"http:\/\/blogs.uo.edu.cu\/vrd\/wp-content\/uploads\/sites\/28\/2019\/03\/El-observatorio-cultural-una-alternativa-para-la-promoci\u00f3n.pdf\">El observatorio cultural una alternativa para la promoci\u00f3n<\/a><\/p>\n<p><a href=\"http:\/\/blogs.uo.edu.cu\/vrd\/wp-content\/uploads\/sites\/28\/2019\/03\/Panorama-de-la-cultura-cubana.pdf\">Panorama de la cultura cubana<\/a><\/p>\n<p><a href=\"http:\/\/blogs.uo.edu.cu\/vrd\/wp-content\/uploads\/sites\/28\/2019\/03\/Pol\u00e9micas-culturales.-Retos-y-perspectivas-en-Cuba.pdf\">Pol\u00e9micas culturales. Retos y perspectivas en Cuba<\/a><\/p>\n<p><a href=\"http:\/\/blogs.uo.edu.cu\/vrd\/wp-content\/uploads\/sites\/28\/2019\/03\/Promoci\u00f3n-de-salud-y-desarrollo-humano-sostenible.pdf\">Promoci\u00f3n de salud y desarrollo humano sostenible<\/a> <a href=\"http:\/\/blogs.uo.edu.cu\/vrd\/wp-content\/uploads\/sites\/28\/2019\/03\/Realizaci\u00f3n-Audiovisual.pdf\">Realizaci\u00f3n Audiovisual<\/a><\/p>\n<p>&nbsp;<\/p>\n<p>&nbsp;<\/p>\n","protected":false},"excerpt":{"rendered":"<p>Educaci\u00f3n para la salud sexual y reproductiva El observatorio cultural una alternativa para la promoci\u00f3n Panorama de la cultura cubana Pol\u00e9micas culturales. Retos y perspectivas en Cuba Promoci\u00f3n de salud y desarrollo humano sostenible Realizaci\u00f3n Audiovisual &nbsp; &nbsp;<\/p>\n","protected":false},"author":25,"featured_media":0,"parent":8,"menu_order":0,"comment_status":"closed","ping_status":"closed","template":"","meta":{"ngg_post_thumbnail":0,"footnotes":""},"class_list":["post-18","page","type-page","status-publish","hentry"],"_links":{"self":[{"href":"https:\/\/blogs.uo.edu.cu\/vrd\/wp-json\/wp\/v2\/pages\/18","targetHints":{"allow":["GET"]}}],"collection":[{"href":"https:\/\/blogs.uo.edu.cu\/vrd\/wp-json\/wp\/v2\/pages"}],"about":[{"href":"https:\/\/blogs.uo.edu.cu\/vrd\/wp-json\/wp\/v2\/types\/page"}],"author":[{"embeddable":true,"href":"https:\/\/blogs.uo.edu.cu\/vrd\/wp-json\/wp\/v2\/users\/25"}],"replies":[{"embeddable":true,"href":"https:\/\/blogs.uo.edu.cu\/vrd\/wp-json\/wp\/v2\/comments?post=18"}],"version-history":[{"count":1,"href":"https:\/\/blogs.uo.edu.cu\/vrd\/wp-json\/wp\/v2\/pages\/18\/revisions"}],"predecessor-version":[{"id":671,"href":"https:\/\/blogs.uo.edu.cu\/vrd\/wp-json\/wp\/v2\/pages\/18\/revisions\/671"}],"up":[{"embeddable":true,"href":"https:\/\/blogs.uo.edu.cu\/vrd\/wp-json\/wp\/v2\/pages\/8"}],"wp:attachment":[{"href":"https:\/\/blogs.uo.edu.cu\/vrd\/wp-json\/wp\/v2\/media?parent=18"}],"curies":[{"name":"wp","href":"https:\/\/api.w.org\/{rel}","templated":true}]}}