{"id":20,"date":"2017-08-29T14:38:43","date_gmt":"2017-08-29T14:38:43","guid":{"rendered":"http:\/\/vrd.uniblog.uo.edu.cu\/?page_id=20"},"modified":"2017-08-29T14:38:43","modified_gmt":"2017-08-29T14:38:43","slug":"facultades","status":"publish","type":"page","link":"https:\/\/blogs.uo.edu.cu\/vrd\/planes-de-estudios\/cursos-electivos-centralizados\/facultades\/","title":{"rendered":"Facultades"},"content":{"rendered":"<p>\n\t<strong>FCE<\/strong>\n<\/p>\n<p>\n\t&nbsp;&nbsp;&nbsp;&nbsp;&nbsp;&nbsp;&nbsp;&nbsp;&nbsp;&nbsp;&nbsp; <a href=\"http:\/\/vrd.uniblog.uo.edu.cu\/files\/2017\/08\/fce_1.pdf\" target=\"_blank\">Aprender a emprender<\/a>\n<\/p>\n<p>\n\t&nbsp;&nbsp;&nbsp;&nbsp;&nbsp;&nbsp;&nbsp;&nbsp;&nbsp;&nbsp;&nbsp; <a href=\"http:\/\/vrd.uniblog.uo.edu.cu\/files\/2017\/08\/fce_2.pdf\" target=\"_blank\">Autogesti&oacute;n del conocimiento<\/a>\n<\/p>\n<p>\n\t&nbsp;&nbsp;&nbsp;&nbsp; &nbsp; &nbsp;&nbsp;&nbsp; <a href=\"http:\/\/vrd.uniblog.uo.edu.cu\/files\/2017\/08\/fce_3.pdf\" target=\"_blank\">Convivencia y vida cotidiana<\/a>\n<\/p>\n<p>\n\t&nbsp;&nbsp;&nbsp;&nbsp;&nbsp;&nbsp;&nbsp;&nbsp;&nbsp;&nbsp; <a href=\"http:\/\/vrd.uniblog.uo.edu.cu\/files\/2017\/08\/fce_4.pdf\" target=\"_blank\">Educaci&oacute;n para la salud<\/a>\n<\/p>\n<p>\n\t&nbsp;&nbsp;&nbsp;&nbsp;&nbsp;&nbsp;&nbsp;&nbsp;&nbsp;&nbsp; <a href=\"http:\/\/vrd.uniblog.uo.edu.cu\/files\/2017\/08\/fce_5.pdf\" target=\"_blank\">La Educaci&oacute;n Preescolar en Santiago de Cuba 1902 2015<\/a>\n<\/p>\n<p>\n\t&nbsp;&nbsp;&nbsp;&nbsp;&nbsp;&nbsp;&nbsp;&nbsp;&nbsp;&nbsp; <a href=\"http:\/\/vrd.uniblog.uo.edu.cu\/files\/2017\/08\/fce_6.pdf\" target=\"_blank\">La estimulaci&oacute;n de la inteligencia y creatividad<\/a>\n<\/p>\n<p>\n\t&nbsp;&nbsp;&nbsp;&nbsp;&nbsp;&nbsp;&nbsp;&nbsp;&nbsp;&nbsp; <a href=\"http:\/\/vrd.uniblog.uo.edu.cu\/files\/2017\/08\/fce_7.pdf\" target=\"_blank\">Lengua de se&ntilde;as cubana<\/a>\n<\/p>\n<p>\n\t&nbsp;&nbsp;&nbsp;&nbsp;&nbsp;&nbsp;&nbsp;&nbsp;&nbsp;&nbsp; <a href=\"http:\/\/vrd.uniblog.uo.edu.cu\/files\/2017\/08\/fce_8.pdf\" target=\"_blank\">Sistema Braille<\/a>\n<\/p>\n<p>\n\t&nbsp;&nbsp;&nbsp;&nbsp;&nbsp;&nbsp;&nbsp;&nbsp;&nbsp;&nbsp; <a href=\"http:\/\/vrd.uniblog.uo.edu.cu\/files\/2017\/08\/fce_9.pdf\" target=\"_blank\">C&oacute;mo lograr una comunicaci&oacute;n asertiva<\/a>\n<\/p>\n<p>\n\t<strong>FCEE<\/strong>\n<\/p>\n<p>\n\t&nbsp;&nbsp;&nbsp;&nbsp;&nbsp;&nbsp;&nbsp;&nbsp;&nbsp;&nbsp;&nbsp; <a href=\"http:\/\/vrd.uniblog.uo.edu.cu\/files\/2017\/08\/fcee_1.pdf\" target=\"_blank\">Envejecimiento y desarrollo local<\/a>\n<\/p>\n<p>\n\t<strong>FCF<\/strong>\n<\/p>\n<p>\n\t&nbsp;&nbsp;&nbsp;&nbsp;&nbsp;&nbsp;&nbsp;&nbsp;&nbsp;&nbsp;&nbsp; <a href=\"http:\/\/vrd.uniblog.uo.edu.cu\/files\/2017\/08\/fcf_1.pdf\" target=\"_blank\">Glorias deporte santiaguero<\/a>\n<\/p>\n<p>\n\t<strong>FCNE<\/strong>\n<\/p>\n<p>\n\t&nbsp;&nbsp;&nbsp;&nbsp;&nbsp;&nbsp;&nbsp;&nbsp;&nbsp;&nbsp;&nbsp; <a href=\"http:\/\/vrd.uniblog.uo.edu.cu\/files\/2017\/08\/fcne_1.pdf\" target=\"_blank\">Infotecnolog&iacute;a<\/a>\n<\/p>\n<p>\n\t&nbsp;&nbsp;&nbsp;&nbsp;&nbsp;&nbsp;&nbsp;&nbsp;&nbsp;&nbsp;&nbsp; <a href=\"http:\/\/vrd.uniblog.uo.edu.cu\/files\/2017\/08\/fcne_2.pdf\" target=\"_blank\">Conservaci&oacute;n de los alimentos<\/a>\n<\/p>\n<p>\n\t&nbsp;&nbsp;&nbsp;&nbsp;&nbsp;&nbsp;&nbsp;&nbsp;&nbsp;&nbsp;&nbsp; <a href=\"http:\/\/vrd.uniblog.uo.edu.cu\/files\/2017\/08\/fcne_3.pdf\" target=\"_blank\">Educaci&oacute;n para el desarrollo sostenible<\/a>\n<\/p>\n<p>\n\t&nbsp;&nbsp;&nbsp;&nbsp;&nbsp;&nbsp;&nbsp;&nbsp;&nbsp;&nbsp;&nbsp; <a href=\"http:\/\/vrd.uniblog.uo.edu.cu\/files\/2017\/08\/fcne_4.pdf\" target=\"_blank\">Nociones de Biotecnolog&iacute;a<\/a>\n<\/p>\n<p>\n\t<strong>FCO<\/strong>\n<\/p>\n<p>\n\t&nbsp;&nbsp;&nbsp;&nbsp;&nbsp;&nbsp;&nbsp;&nbsp;&nbsp;&nbsp;&nbsp; <a href=\"http:\/\/vrd.uniblog.uo.edu.cu\/files\/2017\/08\/fco_1.pdf\" target=\"_blank\">Desastre vs Desarrollo<\/a>\n<\/p>\n<p style=\"margin-left: 40px\">\n\t<a href=\"http:\/\/vrd.uniblog.uo.edu.cu\/files\/2017\/08\/Patrimonio-construido-en-el-oriente-cubano.pdf\">Patrimonio construido en el oriente cubano<\/a>\n<\/p>\n<p style=\"margin-left: 40px\">\n\t<a href=\"http:\/\/vrd.uniblog.uo.edu.cu\/files\/2017\/08\/Patrimonio-Costero.pdf\">Patrimonio Costero<\/a>\n<\/p>\n<p>\n\t<strong>FCS<\/strong>\n<\/p>\n<p>\n\t&nbsp;&nbsp;&nbsp;&nbsp;&nbsp;&nbsp;&nbsp;&nbsp;&nbsp;&nbsp;&nbsp; <a href=\"http:\/\/vrd.uniblog.uo.edu.cu\/files\/2017\/08\/fcs_1.pdf\" target=\"_blank\">Cultura popular tradicional<\/a>\n<\/p>\n<p>\n\t&nbsp;&nbsp;&nbsp;&nbsp;&nbsp;&nbsp;&nbsp;&nbsp;&nbsp;&nbsp;&nbsp; <a href=\"http:\/\/vrd.uniblog.uo.edu.cu\/files\/2017\/08\/El-Caribe-historia-y-procesos-socioculturales.pdf\">El Caribe historia y procesos socioculturales<\/a>\n<\/p>\n<p>\n\t&nbsp;&nbsp;&nbsp;&nbsp;&nbsp;&nbsp;&nbsp;&nbsp;&nbsp;&nbsp;&nbsp; <a href=\"http:\/\/vrd.uniblog.uo.edu.cu\/files\/2017\/08\/fcs_3.pdf\" target=\"_blank\">Fidel en Santiago de Cuba una presencia entra&ntilde;able<\/a>\n<\/p>\n<p>\n\t&nbsp;&nbsp;&nbsp;&nbsp;&nbsp;&nbsp;&nbsp;&nbsp;&nbsp;&nbsp;&nbsp; <a href=\"http:\/\/vrd.uniblog.uo.edu.cu\/files\/2017\/08\/fcs_4.pdf\" target=\"_blank\">Relaciones intergeneracionales<\/a>\n<\/p>\n<p style=\"margin-left: 40px\">\n\t<a href=\"http:\/\/vrd.uniblog.uo.edu.cu\/files\/2017\/08\/La-Casa-del-Caribe-en-el-estudio-y-promoci\u00f3n-de-la-cultura-cubana.pdf\">La Casa del Caribe en el estudio y promoci&oacute;n de la cultura cubana<\/a>\n<\/p>\n<p style=\"margin-left: 40px\">\n\t<a href=\"http:\/\/vrd.uniblog.uo.edu.cu\/files\/2017\/08\/Personalidades-en-el-Caribe-aproximaciones-desde-una-mirada-hist\u00f3rica-y-cultural.pdf\">Personalidades en el Caribe aproximaciones desde una mirada hist&oacute;rica y cultural<\/a>\n<\/p>\n<p style=\"margin-left: 40px\">\n\t<a href=\"http:\/\/vrd.uniblog.uo.edu.cu\/files\/2017\/08\/Psicolog\u00eda-y-crecimiento-personal.pdf\">Psicolog&iacute;a y crecimiento personal<\/a>\n<\/p>\n<p>\n\t<strong>FD<\/strong>\n<\/p>\n<p>\n\t&nbsp;&nbsp;&nbsp;&nbsp;&nbsp;&nbsp;&nbsp;&nbsp;&nbsp;&nbsp;&nbsp; <a href=\"http:\/\/vrd.uniblog.uo.edu.cu\/files\/2017\/08\/fd_1.pdf\" target=\"_blank\">Derecho y Literatura<\/a>\n<\/p>\n<p style=\"margin-left: 40px\">\n\t<a href=\"http:\/\/vrd.uniblog.uo.edu.cu\/files\/2017\/08\/Derecho-y-Bio\u00e9tica.pdf\">Derecho y Bio&eacute;tica<\/a>\n<\/p>\n<p style=\"margin-left: 40px\">\n\t<a href=\"http:\/\/vrd.uniblog.uo.edu.cu\/files\/2017\/08\/Pensamiento-jur\u00eddico-de-Jos\u00e9-Mart\u00ed.pdf\">Pensamiento jur&iacute;dico de Jos&eacute; Mart&iacute;<\/a>\n<\/p>\n<p>\n\t<strong>FH<\/strong>\n<\/p>\n<p style=\"margin-left:35.4pt\">\n\t<a href=\"http:\/\/vrd.uniblog.uo.edu.cu\/files\/2017\/08\/fh_1.pdf\" target=\"_blank\">Apreciaci&oacute;n e historia de la fotograf&iacute;a<\/a>\n<\/p>\n<p style=\"margin-left:35.4pt\">\n\t<a href=\"http:\/\/vrd.uniblog.uo.edu.cu\/files\/2017\/08\/fh_2.pdf\" target=\"_blank\">Arte Visual en Radio<\/a>\n<\/p>\n<p style=\"margin-left:35.4pt\">\n\t<a href=\"http:\/\/vrd.uniblog.uo.edu.cu\/files\/2017\/08\/fh_3.pdf\" target=\"_blank\">Cultura popular tradicional<\/a>\n<\/p>\n<p style=\"margin-left:35.4pt\">\n\t<a href=\"http:\/\/vrd.uniblog.uo.edu.cu\/files\/2017\/08\/fh_4.pdf\" target=\"_blank\">Ensayo Period&iacute;stico<\/a>\n<\/p>\n<p style=\"margin-left:35.4pt\">\n\t<a href=\"http:\/\/vrd.uniblog.uo.edu.cu\/files\/2017\/08\/fh_5.pdf\" target=\"_blank\">Fundamentos de la Comunicaci&oacute;n y la Publicidad<\/a>\n<\/p>\n<p style=\"margin-left:35.4pt\">\n\t<a href=\"http:\/\/vrd.uniblog.uo.edu.cu\/files\/2017\/08\/fh_6.pdf\" target=\"_blank\">Fundamentos te&oacute;ricos y metodol&oacute;gicos de la EDJA<\/a>\n<\/p>\n<p style=\"margin-left:35.4pt\">\n\t<a href=\"http:\/\/vrd.uniblog.uo.edu.cu\/files\/2017\/08\/fh_7.pdf\" target=\"_blank\">Marketing Comunicacional Comunitario<\/a>\n<\/p>\n<p style=\"margin-left:35.4pt\">\n\t<a href=\"http:\/\/vrd.uniblog.uo.edu.cu\/files\/2017\/08\/fh_8.pdf\" target=\"_blank\">Periodismo de las Otredades<\/a>\n<\/p>\n<p style=\"margin-left:35.4pt\">\n\t<a href=\"http:\/\/vrd.uniblog.uo.edu.cu\/files\/2017\/08\/fh_9.pdf\" target=\"_blank\">Relaciones p&uacute;blicas y cultura organizacional<\/a>\n<\/p>\n<p style=\"margin-left:35.4pt\">\n\t<a href=\"http:\/\/vrd.uniblog.uo.edu.cu\/files\/2017\/08\/fh_10.pdf\" target=\"_blank\">Taller de An&aacute;lisis del Discurso Audiovisual<\/a>\n<\/p>\n<p style=\"margin-left:35.4pt\">\n\t<a href=\"http:\/\/vrd.uniblog.uo.edu.cu\/files\/2017\/08\/fh_11.pdf\" target=\"_blank\">Teor&iacute;a, t&eacute;cnica y pr&aacute;ctica de los g&eacute;neros period&iacute;sticos<\/a>\n<\/p>\n<p style=\"margin-left:35.4pt\">\n\t<strong>FIE<\/strong>\n<\/p>\n<p style=\"margin-left:35.4pt\">\n\t<a href=\"http:\/\/vrd.uniblog.uo.edu.cu\/files\/2017\/08\/fie_1.pdf\">Sana tu cuerpo con tus dedos<\/a>\n<\/p>\n<p style=\"margin-left:35.4pt\">\n\t<a href=\"http:\/\/vrd.uniblog.uo.edu.cu\/files\/2017\/08\/Gestores-bibliogr\u00e1ficos.pdf\">Gestores bibliogr&aacute;ficos<\/a>\n<\/p>\n<p style=\"margin-left:35.4pt\">\n\t<a href=\"http:\/\/vrd.uniblog.uo.edu.cu\/files\/2017\/08\/Matem\u00e1tica-con-asistencia-Geogebra.pdf\">Matem&aacute;tica con asistencia Geogebra<\/a>\n<\/p>\n<p style=\"margin-left:35.4pt\">\n\t<a href=\"http:\/\/vrd.uniblog.uo.edu.cu\/files\/2017\/08\/Sugestopedia.pdf\">Sugestopedia<\/a>\n<\/p>\n<p style=\"margin-left:35.4pt\">\n\t<a href=\"http:\/\/vrd.uniblog.uo.edu.cu\/files\/2017\/08\/fie_2.pdf\" target=\"_blank\">T&eacute;cnicas reparaci&oacute;n de enseres menores<\/a>\n<\/p>\n<p>\n\t<strong>FIMI<\/strong>\n<\/p>\n<p>\n\t&nbsp;&nbsp;&nbsp;&nbsp;&nbsp;&nbsp;&nbsp;&nbsp;&nbsp;&nbsp; <a href=\"http:\/\/vrd.uniblog.uo.edu.cu\/files\/2017\/08\/Biomec\u00e1nica.pdf\">Biomec&aacute;nica<\/a>\n<\/p>\n<p style=\"margin-left: 40px\">\n\t<a href=\"http:\/\/vrd.uniblog.uo.edu.cu\/files\/2017\/08\/Energ\u00eda-y-medio-ambiente.pdf\">Energ&iacute;a y medio ambiente<\/a>\n<\/p>\n<p style=\"margin-left: 40px\">\n\t<a href=\"http:\/\/vrd.uniblog.uo.edu.cu\/files\/2017\/08\/Fundamentos-de-las-energ\u00edas-renovables.pdf\">Fundamentos de las energ&iacute;as renovables<\/a>\n<\/p>\n<p style=\"margin-left: 40px\">\n\t<a href=\"http:\/\/vrd.uniblog.uo.edu.cu\/files\/2017\/08\/Introducci\u00f3n-a-sistemas-termoenerg\u00e9ticos.pdf\">Introducci&oacute;n a sistemas termoenerg&eacute;ticos<\/a>\n<\/p>\n<p style=\"margin-left: 40px\">\n\t<a href=\"http:\/\/vrd.uniblog.uo.edu.cu\/files\/2017\/08\/M\u00e1quinas-herramientas-por-Control-Num\u00e9rico-Computarizado.pdf\">M&aacute;quinas herramientas por Control Num&eacute;rico Computarizado<\/a>\n<\/p>\n<p style=\"margin-left: 40px\">\n\t<a href=\"http:\/\/vrd.uniblog.uo.edu.cu\/files\/2017\/08\/Mecatr\u00f3nica.pdf\">Mecatr&oacute;nica<\/a>\n<\/p>\n<p>\n\t<strong>FIQA<\/strong>\n<\/p>\n<p style=\"margin-left:35.4pt\">\n\t<a href=\"http:\/\/vrd.uniblog.uo.edu.cu\/files\/2017\/08\/fiqa_1.pdf\" target=\"_blank\">Gesti&oacute;n ambiental ecosistemas agr&iacute;colas<\/a>\n<\/p>\n<p style=\"margin-left:35.4pt\">\n\t<a href=\"http:\/\/vrd.uniblog.uo.edu.cu\/files\/2017\/08\/fiqa_2.pdf\" target=\"_blank\">Ambiente y desarrollo sostenible<\/a>\n<\/p>\n<p>\n\t&nbsp;&nbsp;&nbsp;&nbsp;&nbsp;&nbsp;&nbsp;&nbsp;&nbsp;&nbsp;&nbsp; <a href=\"http:\/\/vrd.uniblog.uo.edu.cu\/files\/2017\/08\/fiqa_3.pdf\" target=\"_blank\">Introducci&oacute;n a las energ&iacute;as renovables<\/a>\n<\/p>\n<p>\n\t&nbsp;&nbsp;&nbsp;&nbsp;&nbsp;&nbsp;&nbsp;&nbsp;&nbsp;&nbsp;&nbsp; <a href=\"http:\/\/vrd.uniblog.uo.edu.cu\/files\/2017\/08\/fiqa_4.pdf\" target=\"_blank\">Laboratorio qu&iacute;mico industrial<\/a>\n<\/p>\n<p>\n\t<strong>FITIB<\/strong>\n<\/p>\n<p>\n\t&nbsp;&nbsp;&nbsp;&nbsp;&nbsp;&nbsp;&nbsp;&nbsp;&nbsp;&nbsp;&nbsp; <a href=\"http:\/\/vrd.uniblog.uo.edu.cu\/files\/2017\/08\/fitib_1.pdf\" target=\"_blank\">Procesamiento avanzado con las HEC<\/a>\n<\/p>\n<p style=\"margin-left: 40px\">\n\t<a href=\"http:\/\/vrd.uniblog.uo.edu.cu\/files\/2017\/08\/Introducci\u00f3n-a-las-aplicaciones-m\u00f3viles.pdf\">Introducci&oacute;n a las aplicaciones m&oacute;viles<\/a>\n<\/p>\n<p style=\"margin-left: 40px\">\n\t<a href=\"http:\/\/vrd.uniblog.uo.edu.cu\/files\/2017\/08\/Dise\u00f1o-Gr\u00e1fico.pdf\">Dise&ntilde;o Gr&aacute;fico<\/a>\n<\/p>\n<p>\n\t<strong>PPD<\/strong>\n<\/p>\n<p>\n\t&nbsp;&nbsp;&nbsp;&nbsp;&nbsp;&nbsp;&nbsp;&nbsp;&nbsp;&nbsp; <a href=\"http:\/\/vrd.uniblog.uo.edu.cu\/files\/2017\/08\/ppd_1.pdf\" target=\"_blank\">Peligros Riesgos Vulnerabilidades<\/a><\/p>\n","protected":false},"excerpt":{"rendered":"<p>FCE &nbsp;&nbsp;&nbsp;&nbsp;&nbsp;&nbsp;&nbsp;&nbsp;&nbsp;&nbsp;&nbsp; Aprender a emprender &nbsp;&nbsp;&nbsp;&nbsp;&nbsp;&nbsp;&nbsp;&nbsp;&nbsp;&nbsp;&nbsp; Autogesti&oacute;n del conocimiento &nbsp;&nbsp;&nbsp;&nbsp; &nbsp; &nbsp;&nbsp;&nbsp; Convivencia y vida cotidiana &nbsp;&nbsp;&nbsp;&nbsp;&nbsp;&nbsp;&nbsp;&nbsp;&nbsp;&nbsp; Educaci&oacute;n para la salud &nbsp;&nbsp;&nbsp;&nbsp;&nbsp;&nbsp;&nbsp;&nbsp;&nbsp;&nbsp; La Educaci&oacute;n Preescolar en Santiago de Cuba 1902 2015 &nbsp;&nbsp;&nbsp;&nbsp;&nbsp;&nbsp;&nbsp;&nbsp;&nbsp;&nbsp; La estimulaci&oacute;n de la inteligencia y creatividad &nbsp;&nbsp;&nbsp;&nbsp;&nbsp;&nbsp;&nbsp;&nbsp;&nbsp;&nbsp; Lengua de se&ntilde;as cubana &nbsp;&nbsp;&nbsp;&nbsp;&nbsp;&nbsp;&nbsp;&nbsp;&nbsp;&nbsp; Sistema Braille &nbsp;&nbsp;&nbsp;&nbsp;&nbsp;&nbsp;&nbsp;&nbsp;&nbsp;&nbsp; C&oacute;mo lograr una comunicaci&oacute;n asertiva FCEE &nbsp;&nbsp;&nbsp;&nbsp;&nbsp;&nbsp;&nbsp;&nbsp;&nbsp;&nbsp;&nbsp; [&hellip;]<\/p>\n","protected":false},"author":25,"featured_media":0,"parent":8,"menu_order":0,"comment_status":"closed","ping_status":"closed","template":"","meta":{"ngg_post_thumbnail":0,"footnotes":""},"class_list":["post-20","page","type-page","status-publish","hentry"],"_links":{"self":[{"href":"https:\/\/blogs.uo.edu.cu\/vrd\/wp-json\/wp\/v2\/pages\/20","targetHints":{"allow":["GET"]}}],"collection":[{"href":"https:\/\/blogs.uo.edu.cu\/vrd\/wp-json\/wp\/v2\/pages"}],"about":[{"href":"https:\/\/blogs.uo.edu.cu\/vrd\/wp-json\/wp\/v2\/types\/page"}],"author":[{"embeddable":true,"href":"https:\/\/blogs.uo.edu.cu\/vrd\/wp-json\/wp\/v2\/users\/25"}],"replies":[{"embeddable":true,"href":"https:\/\/blogs.uo.edu.cu\/vrd\/wp-json\/wp\/v2\/comments?post=20"}],"version-history":[{"count":1,"href":"https:\/\/blogs.uo.edu.cu\/vrd\/wp-json\/wp\/v2\/pages\/20\/revisions"}],"predecessor-version":[{"id":672,"href":"https:\/\/blogs.uo.edu.cu\/vrd\/wp-json\/wp\/v2\/pages\/20\/revisions\/672"}],"up":[{"embeddable":true,"href":"https:\/\/blogs.uo.edu.cu\/vrd\/wp-json\/wp\/v2\/pages\/8"}],"wp:attachment":[{"href":"https:\/\/blogs.uo.edu.cu\/vrd\/wp-json\/wp\/v2\/media?parent=20"}],"curies":[{"name":"wp","href":"https:\/\/api.w.org\/{rel}","templated":true}]}}