{"id":264,"date":"2017-08-30T18:19:56","date_gmt":"2017-08-30T18:19:56","guid":{"rendered":"http:\/\/vrd.uniblog.uo.edu.cu\/?page_id=264"},"modified":"2019-04-08T16:34:42","modified_gmt":"2019-04-08T16:34:42","slug":"unidades-docentes-2017","status":"publish","type":"page","link":"https:\/\/blogs.uo.edu.cu\/vrd\/planes-de-estudios\/unidades-docentes-2017\/","title":{"rendered":"Unidades Docentes 2018-2019"},"content":{"rendered":"<p><a href=\"http:\/\/vrd.uniblog.uo.edu.cu\/files\/2017\/08\/Actividad-laboral-investigativa.pdf\" target=\"_blank\" rel=\"noopener\">Definiciones y principios rectores de la actividad investigativa laboral<\/a><\/p>\n<p><a href=\"http:\/\/vrd.uniblog.uo.edu.cu\/files\/2017\/08\/convenios-con-las-instituciones-y-empresas-santiagueras-el-17-de-enero-de-2015.pdf\" target=\"_blank\" rel=\"noopener\">Convenios con las diferentes instituciones y empresas santiagueras<\/a><\/p>\n<p><a href=\"https:\/\/www.uo.edu.cu\/sites\/default\/files\/u780\/Unidades%20Docentes%20y%20Entidades%20Laborales%20.xls\" target=\"_blank\" rel=\"noopener\">Relaci\u00f3n de Unidades Docentes y Entidades Laborales por Facultad, Carrera,Municipio ,Provincia y OACE<\/a><\/p>\n<p><strong>Resoluciones&nbsp; Pr\u00e1ctica Laboral<\/strong><\/p>\n<p><a href=\"http:\/\/vrd.uniblog.uo.edu.cu\/files\/2017\/08\/Decreto-Ley-122-84.pdf\" target=\"_blank\" rel=\"noopener\">Decreto Ley 122-84<\/a><\/p>\n<p><a href=\"http:\/\/vrd.uniblog.uo.edu.cu\/files\/2017\/08\/Resoluci\u00f3n-170-2010.pdf\" target=\"_blank\" rel=\"noopener\">Resoluci\u00f3n 170-2010<\/a><\/p>\n<p><a href=\"http:\/\/vrd.uniblog.uo.edu.cu\/files\/2017\/08\/Resoluci\u00f3n-89-del-85.pdf\" target=\"_blank\" rel=\"noopener\">Resoluci\u00f3n 89 del 85 <\/a><\/p>\n<p><a href=\"http:\/\/vrd.uniblog.uo.edu.cu\/files\/2017\/08\/Resoluci\u00f3n-91-2010.pdf\" target=\"_blank\" rel=\"noopener\">Resoluci\u00f3n 91 2010<\/a><\/p>\n<p><a href=\"http:\/\/blogs.uo.edu.cu\/vrd\/wp-content\/uploads\/sites\/28\/2019\/04\/Unidades-Docentes-y-Entidades-Laborales-2018-19.xlsx\">Unidades Docentes y Entidades Laborales 2018-19<\/a><\/p>\n","protected":false},"excerpt":{"rendered":"<p>Definiciones y principios rectores de la actividad investigativa laboral Convenios con las diferentes instituciones y empresas santiagueras Relaci\u00f3n de Unidades Docentes y Entidades Laborales por Facultad, Carrera,Municipio ,Provincia y OACE Resoluciones&nbsp; Pr\u00e1ctica Laboral Decreto Ley 122-84 Resoluci\u00f3n 170-2010 Resoluci\u00f3n 89 del 85 Resoluci\u00f3n 91 2010 Unidades Docentes y Entidades Laborales 2018-19<\/p>\n","protected":false},"author":25,"featured_media":0,"parent":419,"menu_order":0,"comment_status":"closed","ping_status":"closed","template":"","meta":{"ngg_post_thumbnail":0,"footnotes":""},"class_list":["post-264","page","type-page","status-publish","hentry"],"_links":{"self":[{"href":"https:\/\/blogs.uo.edu.cu\/vrd\/wp-json\/wp\/v2\/pages\/264","targetHints":{"allow":["GET"]}}],"collection":[{"href":"https:\/\/blogs.uo.edu.cu\/vrd\/wp-json\/wp\/v2\/pages"}],"about":[{"href":"https:\/\/blogs.uo.edu.cu\/vrd\/wp-json\/wp\/v2\/types\/page"}],"author":[{"embeddable":true,"href":"https:\/\/blogs.uo.edu.cu\/vrd\/wp-json\/wp\/v2\/users\/25"}],"replies":[{"embeddable":true,"href":"https:\/\/blogs.uo.edu.cu\/vrd\/wp-json\/wp\/v2\/comments?post=264"}],"version-history":[{"count":2,"href":"https:\/\/blogs.uo.edu.cu\/vrd\/wp-json\/wp\/v2\/pages\/264\/revisions"}],"predecessor-version":[{"id":674,"href":"https:\/\/blogs.uo.edu.cu\/vrd\/wp-json\/wp\/v2\/pages\/264\/revisions\/674"}],"up":[{"embeddable":true,"href":"https:\/\/blogs.uo.edu.cu\/vrd\/wp-json\/wp\/v2\/pages\/419"}],"wp:attachment":[{"href":"https:\/\/blogs.uo.edu.cu\/vrd\/wp-json\/wp\/v2\/media?parent=264"}],"curies":[{"name":"wp","href":"https:\/\/api.w.org\/{rel}","templated":true}]}}