{"id":277,"date":"2017-08-30T18:31:34","date_gmt":"2017-08-30T18:31:34","guid":{"rendered":"http:\/\/vrd.uniblog.uo.edu.cu\/?page_id=277"},"modified":"2022-09-08T13:50:21","modified_gmt":"2022-09-08T13:50:21","slug":"documentos-normativos","status":"publish","type":"page","link":"https:\/\/blogs.uo.edu.cu\/vrd\/documentos-normativos\/","title":{"rendered":"Documentos Normativos"},"content":{"rendered":"<p><a href=\"http:\/\/blogs.uo.edu.cu\/vrd\/wp-content\/uploads\/sites\/28\/2022\/09\/Res.-119-21-Manual-de-normas-y-Proc.pdf\">Res. 119-21 Manual-de-normas y Proc<\/a><\/p>\n<p><a href=\"http:\/\/blogs.uo.edu.cu\/vrd\/wp-content\/uploads\/sites\/28\/2022\/09\/Manual-Normas-y-Procedimientos-Formacion-Pregrado-UO-2021.pdf\">Manual Normas y Procedimientos Formaci\u00f3n Pregrado UO 2021<\/a><\/p>\n<p><a href=\"http:\/\/vrd.uniblog.uo.edu.cu\/files\/2017\/08\/Resoluci\u00f3n-de-Trabajo-Docente-y-Metodol\u00f3gico-de-la-Educaci\u00f3n-Superior-2_2018.pdf\">Resoluci\u00f3n de Trabajo Docente y Metodol\u00f3gico de la Educaci\u00f3n Superior 2_2018<\/a><\/p>\n<p><a href=\"http:\/\/vrd.uniblog.uo.edu.cu\/files\/2017\/08\/Reglamento-de-Organizaci\u00f3n-Docente-de-la-Educaci\u00f3n-Superior-No.-111_2017.pdf\">Reglamento de Organizaci\u00f3n Docente de la Educaci\u00f3n Superior No. 111_2017<\/a><\/p>\n<p><a href=\"http:\/\/blogs.uo.edu.cu\/vrd\/wp-content\/uploads\/sites\/28\/2022\/09\/Resolucion-47-2022.pdf\">Resoluci\u00f3n 47-2022<\/a><\/p>\n<p><a href=\"http:\/\/vrd.uniblog.uo.edu.cu\/files\/2017\/08\/ABC-FEU.pdf\" target=\"_blank\" rel=\"noopener\">ABC-FEU<\/a><\/p>\n<p>&nbsp;&nbsp;&nbsp;&nbsp;&nbsp; <a href=\"http:\/\/vrd.uniblog.uo.edu.cu\/files\/2017\/08\/resolucion_estipendio_no._24-07_mes.pdf\" target=\"_blank\" rel=\"noopener\">Resoluci\u00f3n estipendio 24-07<\/a><\/p>\n<p><a href=\"http:\/\/vrd.uniblog.uo.edu.cu\/files\/2017\/08\/IMPLEMENTACI\u00d3N-SEA-CU-VF-24-Enero-2014.pdf\">IMPLEMENTACI\u00d3N SEA-CU (VF) 24 Enero 2014<\/a><\/p>\n<p><a href=\"http:\/\/vrd.uniblog.uo.edu.cu\/files\/2017\/08\/VERSI\u00d3N-FINALISIMA-SEA-CU-PERFECCIONADO-24-enero-2014.pdf\">VERSI\u00d3N FINALISIMA SEA-CU PERFECCIONADO 24 enero 2014<\/a><\/p>\n<p><a href=\"http:\/\/blogs.uo.edu.cu\/vrd\/wp-content\/uploads\/sites\/28\/2019\/09\/Normas-de-doctorado-y-posgrado.pdf\">Normas de doctorado y posgrado<\/a>&nbsp;&nbsp;&nbsp;&nbsp;&nbsp;<\/p>\n<p>&nbsp;&nbsp;&nbsp;&nbsp;&nbsp;<\/p>\n<p>&nbsp;&nbsp;&nbsp;&nbsp;&nbsp;<\/p>\n<p>&nbsp;<\/p>\n","protected":false},"excerpt":{"rendered":"<p>Res. 119-21 Manual-de-normas y Proc Manual Normas y Procedimientos Formaci\u00f3n Pregrado UO 2021 Resoluci\u00f3n de Trabajo Docente y Metodol\u00f3gico de la Educaci\u00f3n Superior 2_2018 Reglamento de Organizaci\u00f3n Docente de la Educaci\u00f3n Superior No. 111_2017 Resoluci\u00f3n 47-2022 ABC-FEU &nbsp;&nbsp;&nbsp;&nbsp;&nbsp; Resoluci\u00f3n estipendio 24-07 IMPLEMENTACI\u00d3N SEA-CU (VF) 24 Enero 2014 VERSI\u00d3N FINALISIMA SEA-CU PERFECCIONADO 24 enero 2014 Normas [&hellip;]<\/p>\n","protected":false},"author":25,"featured_media":0,"parent":0,"menu_order":3,"comment_status":"closed","ping_status":"closed","template":"","meta":{"ngg_post_thumbnail":0,"footnotes":""},"class_list":["post-277","page","type-page","status-publish","hentry"],"_links":{"self":[{"href":"https:\/\/blogs.uo.edu.cu\/vrd\/wp-json\/wp\/v2\/pages\/277","targetHints":{"allow":["GET"]}}],"collection":[{"href":"https:\/\/blogs.uo.edu.cu\/vrd\/wp-json\/wp\/v2\/pages"}],"about":[{"href":"https:\/\/blogs.uo.edu.cu\/vrd\/wp-json\/wp\/v2\/types\/page"}],"author":[{"embeddable":true,"href":"https:\/\/blogs.uo.edu.cu\/vrd\/wp-json\/wp\/v2\/users\/25"}],"replies":[{"embeddable":true,"href":"https:\/\/blogs.uo.edu.cu\/vrd\/wp-json\/wp\/v2\/comments?post=277"}],"version-history":[{"count":5,"href":"https:\/\/blogs.uo.edu.cu\/vrd\/wp-json\/wp\/v2\/pages\/277\/revisions"}],"predecessor-version":[{"id":906,"href":"https:\/\/blogs.uo.edu.cu\/vrd\/wp-json\/wp\/v2\/pages\/277\/revisions\/906"}],"wp:attachment":[{"href":"https:\/\/blogs.uo.edu.cu\/vrd\/wp-json\/wp\/v2\/media?parent=277"}],"curies":[{"name":"wp","href":"https:\/\/api.w.org\/{rel}","templated":true}]}}