{"id":287,"date":"2017-08-31T12:33:18","date_gmt":"2017-08-31T12:33:18","guid":{"rendered":"http:\/\/vrd.uniblog.uo.edu.cu\/?page_id=287"},"modified":"2023-12-07T17:16:01","modified_gmt":"2023-12-07T17:16:01","slug":"actividades-docente-metodologicas","status":"publish","type":"page","link":"https:\/\/blogs.uo.edu.cu\/vrd\/trabajo-metodologico\/actividades-docente-metodologicas\/","title":{"rendered":"Actividades Docente &#8211; Metodol\u00f3gicas"},"content":{"rendered":"<p>&nbsp;<\/p>\n<p><a href=\"http:\/\/vrd.uniblog.uo.edu.cu\/trabajo-metodologico\/actividades-docente-metodologicas\/curso-2015-2016\">Curso 2015 &#8211; 2016<\/a><\/p>\n<p><a href=\"http:\/\/vrd.uniblog.uo.edu.cu\/trabajo-metodologico\/actividades-docente-metodologicas\/curso-2016-2017\/\">Curso 2016 &#8211; 2017<\/a><\/p>\n<p><a href=\"http:\/\/vrd.uniblog.uo.edu.cu\/files\/2017\/08\/RM-La-disciplina-docente-30-8-2017.pdf\">Curso 2017 &#8211; 2018<\/a><\/p>\n<p style=\"margin-left: 40px\"><a href=\"http:\/\/vrd.uniblog.uo.edu.cu\/files\/2017\/08\/RM-Valoraci\u00f3n-formaci\u00f3n-inicio-del-curso-2017-2018.pdf\"><span style=\"color: #008080\">RM Valoraci\u00f3n formaci\u00f3n inicio del curso 2017-2018<\/span><\/a><\/p>\n<p style=\"margin-left: 40px\"><a href=\"http:\/\/vrd.uniblog.uo.edu.cu\/files\/2017\/08\/Reunion-metodologica-sobre-Estrategia-Educativa.docx\"><span style=\"color: #008080\">Reuni\u00f3n metodol\u00f3gica sobre Estrategia Educativa<\/span><\/a><\/p>\n<p style=\"margin-left: 40px\"><a href=\"http:\/\/vrd.uniblog.uo.edu.cu\/files\/2017\/08\/Clase-metodol\u00f3gica-instructiva-10-11-2017.pdf\"><span style=\"color: #008080\">Clase metodol\u00f3gica instructiva 10-11-2017<\/span><\/a><\/p>\n<p style=\"margin-left: 40px\"><a href=\"http:\/\/vrd.uniblog.uo.edu.cu\/files\/2017\/08\/Taller-metodol\u00f3gico-8-de-diciembre-2017.pdf\">Taller metodol\u00f3gico 8 de diciembre 2017<\/a><\/p>\n<p style=\"margin-left: 40px\"><a href=\"http:\/\/vrd.uniblog.uo.edu.cu\/files\/2017\/08\/Clase-metodol\u00f3gica-instructiva-9-2-2018.pdf\">Clase metodol\u00f3gica instructiva 9-2-2018<\/a><\/p>\n<p style=\"margin-left: 40px\"><strong><a href=\"http:\/\/vrd.uniblog.uo.edu.cu\/files\/2017\/08\/VII-Seminario-Nacional-de-Textos.pdf\"><span style=\"color: #0000cd\">VII Seminario Nacional de Textos<\/span><\/a><\/strong><\/p>\n<ul>\n<li style=\"margin-left: 120px\"><a href=\"http:\/\/vrd.uniblog.uo.edu.cu\/files\/2017\/08\/Sistema-de-textos-MES.pdf\"><span style=\"color: #0000ff\">Sistema de textos MES<\/span><\/a><\/li>\n<li style=\"margin-left: 120px\"><a href=\"http:\/\/vrd.uniblog.uo.edu.cu\/files\/2017\/08\/Procedimiento-para-la-actualizaci\u00f3n-de-los-planes-bibliogr\u00e1ficos.pdf\"><span style=\"color: #0000ff\">Procedimiento para la actualizaci\u00f3n de los planes bibliogr\u00e1ficos<\/span><\/a><\/li>\n<li style=\"margin-left: 120px\"><a href=\"http:\/\/vrd.uniblog.uo.edu.cu\/files\/2017\/08\/Pol\u00edtica-Editorial.pdf\"><span style=\"color: #0000ff\">Pol\u00edtica Editorial<\/span><\/a><\/li>\n<li style=\"margin-left: 120px\"><a href=\"http:\/\/vrd.uniblog.uo.edu.cu\/files\/2017\/08\/Planes-Bibliogr\u00e1ficos-por-la-CNC.pdf\"><span style=\"color: #0000ff\">Planes Bibliogr\u00e1ficos por la CNC<\/span><\/a><\/li>\n<li style=\"margin-left: 120px\"><a href=\"http:\/\/vrd.uniblog.uo.edu.cu\/files\/2017\/08\/Manual-de-procedimiento-para-las-adscripciones.pdf\"><span style=\"color: #0000ff\">Manual de procedimiento para las adscripciones<\/span><\/a><\/li>\n<\/ul>\n<p><a href=\"http:\/\/vrd.uniblog.uo.edu.cu\/files\/2017\/08\/Seminario-metodol\u00f3gico-de-preparaci\u00f3n-del-curso-acad\u00e9mico-2018-2019.pdf\">Seminario metodol\u00f3gico de preparaci\u00f3n del curso acad\u00e9mico 2018-2019<\/a><\/p>\n<p><a href=\"http:\/\/vrd.uniblog.uo.edu.cu\/files\/2017\/07\/Conferencia-Dra.C.-Maribel-Ferrer-V..pdf\">Conferencia Dra.C. Maribel Ferrer V.<\/a><\/p>\n<p><a href=\"http:\/\/blogs.uo.edu.cu\/vrd\/wp-content\/uploads\/sites\/28\/2023\/01\/Preparacion-del-curso-2023-1.pdf\">Preparacion del curso 2023<\/a><\/p>\n<p><span style=\"color: #000000\"><a style=\"color: #000000\" href=\"http:\/\/blogs.uo.edu.cu\/vrd\/wp-content\/uploads\/sites\/28\/2017\/07\/Seminario-metodologico-2023.pdf\">Seminario metodol\u00f3gico 2023<\/a><\/span><\/p>\n<p><span style=\"color: #000000\"><strong><a style=\"color: #000000\" href=\"http:\/\/blogs.uo.edu.cu\/vrd\/wp-content\/uploads\/sites\/28\/2023\/02\/Reunion-metodologica-coordinadores-curso-2023.pdf\">Reuni\u00f3n metodol\u00f3gica coordinadores, curso 2023<\/a><\/strong><\/span><\/p>\n<p>Seminario de preparaci\u00f3n del curso escolar 2024<\/p>\n\n\n<p class=\"has-blue-color has-text-color\"><\/p>\n","protected":false},"excerpt":{"rendered":"<p>&nbsp; Curso 2015 &#8211; 2016 Curso 2016 &#8211; 2017 Curso 2017 &#8211; 2018 RM Valoraci\u00f3n formaci\u00f3n inicio del curso 2017-2018 Reuni\u00f3n metodol\u00f3gica sobre Estrategia Educativa Clase metodol\u00f3gica instructiva 10-11-2017 Taller metodol\u00f3gico 8 de diciembre 2017 Clase metodol\u00f3gica instructiva 9-2-2018 VII Seminario Nacional de Textos Sistema de textos MES Procedimiento para la actualizaci\u00f3n de los planes [&hellip;]<\/p>\n","protected":false},"author":25,"featured_media":0,"parent":279,"menu_order":1,"comment_status":"closed","ping_status":"closed","template":"","meta":{"ngg_post_thumbnail":0,"footnotes":""},"class_list":["post-287","page","type-page","status-publish","hentry"],"_links":{"self":[{"href":"https:\/\/blogs.uo.edu.cu\/vrd\/wp-json\/wp\/v2\/pages\/287","targetHints":{"allow":["GET"]}}],"collection":[{"href":"https:\/\/blogs.uo.edu.cu\/vrd\/wp-json\/wp\/v2\/pages"}],"about":[{"href":"https:\/\/blogs.uo.edu.cu\/vrd\/wp-json\/wp\/v2\/types\/page"}],"author":[{"embeddable":true,"href":"https:\/\/blogs.uo.edu.cu\/vrd\/wp-json\/wp\/v2\/users\/25"}],"replies":[{"embeddable":true,"href":"https:\/\/blogs.uo.edu.cu\/vrd\/wp-json\/wp\/v2\/comments?post=287"}],"version-history":[{"count":11,"href":"https:\/\/blogs.uo.edu.cu\/vrd\/wp-json\/wp\/v2\/pages\/287\/revisions"}],"predecessor-version":[{"id":1000,"href":"https:\/\/blogs.uo.edu.cu\/vrd\/wp-json\/wp\/v2\/pages\/287\/revisions\/1000"}],"up":[{"embeddable":true,"href":"https:\/\/blogs.uo.edu.cu\/vrd\/wp-json\/wp\/v2\/pages\/279"}],"wp:attachment":[{"href":"https:\/\/blogs.uo.edu.cu\/vrd\/wp-json\/wp\/v2\/media?parent=287"}],"curies":[{"name":"wp","href":"https:\/\/api.w.org\/{rel}","templated":true}]}}