{"id":327,"date":"2017-08-31T13:03:38","date_gmt":"2017-08-31T13:03:38","guid":{"rendered":"http:\/\/vrd.uniblog.uo.edu.cu\/?page_id=327"},"modified":"2019-11-01T12:52:00","modified_gmt":"2019-11-01T12:52:00","slug":"balances-de-formacion","status":"publish","type":"page","link":"https:\/\/blogs.uo.edu.cu\/vrd\/trabajo-metodologico\/balances-de-formacion\/","title":{"rendered":"Balances de Formaci\u00f3n"},"content":{"rendered":"<p><a href=\"http:\/\/vrd.uniblog.uo.edu.cu\/files\/2017\/08\/1.RM-Balance-curso-14-15.pdf\" target=\"_blank\" rel=\"noopener noreferrer\">1.RM Balance curso 14-15<\/a><\/p>\n<p><a href=\"http:\/\/vrd.uniblog.uo.edu.cu\/files\/2017\/08\/2.RM-Balance-1er-semestre-curso-2015-16.pdf\" target=\"_blank\" rel=\"noopener noreferrer\">2.RM Balance 1er semestre curso 2015-16<\/a><\/p>\n<p><a href=\"http:\/\/vrd.uniblog.uo.edu.cu\/files\/2017\/08\/3.-RM-Balance-curso-2015-16.pdf\" target=\"_blank\" rel=\"noopener noreferrer\">3. RM Balance curso 2015-16<\/a><\/p>\n<p><a href=\"http:\/\/vrd.uniblog.uo.edu.cu\/files\/2017\/08\/4.-RM-Balance-1er-semestre-curso-2016-2017.pdf\" target=\"_blank\" rel=\"noopener noreferrer\">4. RM Balance 1er semestre curso 2016-2017<\/a><\/p>\n<p><a href=\"http:\/\/vrd.uniblog.uo.edu.cu\/files\/2017\/08\/5-RM-Balance-1er-semestre-curso-2017-2018.pdf\">5-RM Balance curso 2016-2017<\/a><\/p>\n<p>&nbsp;<a href=\"http:\/\/vrd.uniblog.uo.edu.cu\/files\/2017\/08\/6-Balance-Formaci\u00f3n-marzo-20181.pdf\">6-Balance Formaci\u00f3n marzo 2018<\/a><\/p>\n<p><a href=\"http:\/\/vrd.uniblog.uo.edu.cu\/files\/2017\/08\/Seminario-metodol\u00f3gico-de-preparaci\u00f3n-del-curso-acad\u00e9mico-2018-2019.pdf\">Seminario metodol\u00f3gico de preparaci\u00f3n del curso acad\u00e9mico 2018-2019<\/a><\/p>\n<p><a href=\"http:\/\/vrd.uniblog.uo.edu.cu\/files\/2017\/08\/Balance-de-Formaci\u00f3n-de-Pregrado-31-octubre-2018.pdf\">Balance de Formaci\u00f3n de Pregrado 31 octubre 2018<\/a><\/p>\n<p><a href=\"http:\/\/blogs.uo.edu.cu\/vrd\/wp-content\/uploads\/sites\/28\/2019\/11\/Balance-2018-2019-Octubre-2019.pdf\">Balance 2018-2019 Octubre 2019<\/a><\/p>\n<hr>\n<p style=\"margin-left: 160px\"><a href=\"http:\/\/vrd.uniblog.uo.edu.cu\/files\/2017\/08\/C7A9698R.jpg\"><img loading=\"lazy\" decoding=\"async\" class=\"alignnone size-medium wp-image-839\" src=\"http:\/\/vrd.uniblog.uo.edu.cu\/files\/2017\/08\/C7A9698R-300x200.jpg\" alt=\"_C7A9698R\" width=\"300\" height=\"200\"><\/a><\/p>\n\n","protected":false},"excerpt":{"rendered":"<p>1.RM Balance curso 14-15 2.RM Balance 1er semestre curso 2015-16 3. RM Balance curso 2015-16 4. RM Balance 1er semestre curso 2016-2017 5-RM Balance curso 2016-2017 &nbsp;6-Balance Formaci\u00f3n marzo 2018 Seminario metodol\u00f3gico de preparaci\u00f3n del curso acad\u00e9mico 2018-2019 Balance de Formaci\u00f3n de Pregrado 31 octubre 2018 Balance 2018-2019 Octubre 2019<\/p>\n","protected":false},"author":25,"featured_media":0,"parent":279,"menu_order":2,"comment_status":"closed","ping_status":"closed","template":"","meta":{"ngg_post_thumbnail":0,"footnotes":""},"class_list":["post-327","page","type-page","status-publish","hentry"],"_links":{"self":[{"href":"https:\/\/blogs.uo.edu.cu\/vrd\/wp-json\/wp\/v2\/pages\/327","targetHints":{"allow":["GET"]}}],"collection":[{"href":"https:\/\/blogs.uo.edu.cu\/vrd\/wp-json\/wp\/v2\/pages"}],"about":[{"href":"https:\/\/blogs.uo.edu.cu\/vrd\/wp-json\/wp\/v2\/types\/page"}],"author":[{"embeddable":true,"href":"https:\/\/blogs.uo.edu.cu\/vrd\/wp-json\/wp\/v2\/users\/25"}],"replies":[{"embeddable":true,"href":"https:\/\/blogs.uo.edu.cu\/vrd\/wp-json\/wp\/v2\/comments?post=327"}],"version-history":[{"count":2,"href":"https:\/\/blogs.uo.edu.cu\/vrd\/wp-json\/wp\/v2\/pages\/327\/revisions"}],"predecessor-version":[{"id":737,"href":"https:\/\/blogs.uo.edu.cu\/vrd\/wp-json\/wp\/v2\/pages\/327\/revisions\/737"}],"up":[{"embeddable":true,"href":"https:\/\/blogs.uo.edu.cu\/vrd\/wp-json\/wp\/v2\/pages\/279"}],"wp:attachment":[{"href":"https:\/\/blogs.uo.edu.cu\/vrd\/wp-json\/wp\/v2\/media?parent=327"}],"curies":[{"name":"wp","href":"https:\/\/api.w.org\/{rel}","templated":true}]}}