{"id":353,"date":"2017-08-31T13:18:56","date_gmt":"2017-08-31T13:18:56","guid":{"rendered":"http:\/\/vrd.uniblog.uo.edu.cu\/?page_id=353"},"modified":"2022-09-08T12:44:39","modified_gmt":"2022-09-08T12:44:39","slug":"planes-trabajo-metodologico","status":"publish","type":"page","link":"https:\/\/blogs.uo.edu.cu\/vrd\/trabajo-metodologico\/planes-trabajo-metodologico\/","title":{"rendered":"Planes Trabajo Metodol\u00f3gico"},"content":{"rendered":"<p><a href=\"http:\/\/vrd.uniblog.uo.edu.cu\/files\/2017\/08\/Plan-de-Trabajo-Metodol\u00f3gico-2015-16.pdf\" target=\"_blank\" rel=\"noopener\">Plan de Trabajo Metodol\u00f3gico 2015-16<\/a><\/p>\n<p><a href=\"http:\/\/vrd.uniblog.uo.edu.cu\/files\/2017\/08\/Plan-de-Trabajo-Metodol\u00f3gico-2016-17.pdf\" target=\"_blank\" rel=\"noopener\">Plan de Trabajo Metodol\u00f3gico 2016-17<\/a><\/p>\n<p><a href=\"http:\/\/vrd.uniblog.uo.edu.cu\/files\/2017\/08\/Plan-de-Trabajo-Metodol\u00f3gico-2017-18.pdf\">Plan de Trabajo Metodol\u00f3gico 2017-18<\/a><\/p>\n<p><a href=\"http:\/\/vrd.uniblog.uo.edu.cu\/files\/2017\/08\/Plan-de-Trabajo-Metodol\u00f3gico.-Curso18-19.pdf\">Plan de Trabajo Metodol\u00f3gico. Curso18-19<\/a><\/p>\n<p><strong><span style=\"color: #ff0000\"><a style=\"color: #ff0000\" href=\"http:\/\/blogs.uo.edu.cu\/vrd\/wp-content\/uploads\/sites\/28\/2022\/09\/PTM-ultima-version-2022-31.5.22.pdf\">PTM \u00faltima versi\u00f2n 2022 31.5.22<\/a><\/span><\/strong><\/p>\n\n\n<p><\/p>\n","protected":false},"excerpt":{"rendered":"<p>Plan de Trabajo Metodol\u00f3gico 2015-16 Plan de Trabajo Metodol\u00f3gico 2016-17 Plan de Trabajo Metodol\u00f3gico 2017-18 Plan de Trabajo Metodol\u00f3gico. Curso18-19 PTM \u00faltima versi\u00f2n 2022 31.5.22<\/p>\n","protected":false},"author":25,"featured_media":0,"parent":279,"menu_order":0,"comment_status":"closed","ping_status":"closed","template":"","meta":{"ngg_post_thumbnail":0,"footnotes":""},"class_list":["post-353","page","type-page","status-publish","hentry"],"_links":{"self":[{"href":"https:\/\/blogs.uo.edu.cu\/vrd\/wp-json\/wp\/v2\/pages\/353","targetHints":{"allow":["GET"]}}],"collection":[{"href":"https:\/\/blogs.uo.edu.cu\/vrd\/wp-json\/wp\/v2\/pages"}],"about":[{"href":"https:\/\/blogs.uo.edu.cu\/vrd\/wp-json\/wp\/v2\/types\/page"}],"author":[{"embeddable":true,"href":"https:\/\/blogs.uo.edu.cu\/vrd\/wp-json\/wp\/v2\/users\/25"}],"replies":[{"embeddable":true,"href":"https:\/\/blogs.uo.edu.cu\/vrd\/wp-json\/wp\/v2\/comments?post=353"}],"version-history":[{"count":5,"href":"https:\/\/blogs.uo.edu.cu\/vrd\/wp-json\/wp\/v2\/pages\/353\/revisions"}],"predecessor-version":[{"id":895,"href":"https:\/\/blogs.uo.edu.cu\/vrd\/wp-json\/wp\/v2\/pages\/353\/revisions\/895"}],"up":[{"embeddable":true,"href":"https:\/\/blogs.uo.edu.cu\/vrd\/wp-json\/wp\/v2\/pages\/279"}],"wp:attachment":[{"href":"https:\/\/blogs.uo.edu.cu\/vrd\/wp-json\/wp\/v2\/media?parent=353"}],"curies":[{"name":"wp","href":"https:\/\/api.w.org\/{rel}","templated":true}]}}