{"id":419,"date":"2017-09-19T15:43:36","date_gmt":"2017-09-19T15:43:36","guid":{"rendered":"http:\/\/vrd.uniblog.uo.edu.cu\/?page_id=419"},"modified":"2024-01-30T17:47:53","modified_gmt":"2024-01-30T17:47:53","slug":"planes-de-estudios","status":"publish","type":"page","link":"https:\/\/blogs.uo.edu.cu\/vrd\/planes-de-estudios\/","title":{"rendered":"Planes de estudios"},"content":{"rendered":"<p><a href=\"http:\/\/blogs.uo.edu.cu\/vrd\/wp-content\/uploads\/sites\/28\/2019\/03\/Base_dise\u00f1o-de-los-planes-de-estudio-E-2017.pdf\">Base_dise\u00f1o de los planes de estudio E 2017<\/a><\/p>\n<p><a href=\"http:\/\/blogs.uo.edu.cu\/vrd\/wp-content\/uploads\/sites\/28\/2019\/03\/Base_defensa-del-Plan-de-Estudio-E.pdf\">Base_defensa del Plan de Estudio E<\/a><\/p>\n<p><a href=\"http:\/\/blogs.uo.edu.cu\/vrd\/wp-content\/uploads\/sites\/28\/2019\/03\/Carreras-abiertas-en-la-UO-2011-2017.pdf\">Carreras abiertas en la UO 2011-2017<\/a><\/p>\n<p><a href=\"http:\/\/vrd.uniblog.uo.edu.cu\/files\/2017\/09\/Grafico-Mapa-de-carreras-curso-2017-2018.pdf\">Grafico Mapa de carreras curso 2017-2018<\/a><\/p>\n<p><a href=\"http:\/\/blogs.uo.edu.cu\/vrd\/wp-content\/uploads\/sites\/28\/2019\/03\/Mapa-plan-de-estudio-2018-2019.pdf\">Mapa plan de estudio 2018-2019<\/a><\/p>\n<p><a href=\"http:\/\/blogs.uo.edu.cu\/vrd\/wp-content\/uploads\/sites\/28\/2019\/03\/Mapa-de-carrera-curso-2017-2018.pdf\">Mapa de carrera curso 2017 &#8211; 2018<\/a><\/p>\n<p><a href=\"http:\/\/blogs.uo.edu.cu\/vrd\/wp-content\/uploads\/sites\/28\/2019\/03\/Mapa-de-carreras-2016-2017.pdf\">Mapa de carreras 2016 &#8211; 2017<\/a><\/p>\n<p><a href=\"http:\/\/blogs.uo.edu.cu\/vrd\/wp-content\/uploads\/sites\/28\/2019\/03\/Mapa-planes-de-estudio.pdf\">Mapa planes de estudio<\/a><\/p>\n<p>Planes de estudio&nbsp; 2024<\/p>\n<p><a href=\"http:\/\/blogs.uo.edu.cu\/vrd\/wp-content\/uploads\/sites\/28\/2024\/01\/Resolucion-electivas.pdf\">Resoluci\u00f3n electivas<\/a><\/p>\n<p><a href=\"http:\/\/blogs.uo.edu.cu\/vrd\/wp-content\/uploads\/sites\/28\/2024\/01\/Programa-Colonizacion-cultural-y-practicas-de-discriminacion.pdf\">Programa Colonizaci\u00f3n cultural y pr\u00e1cticas de discriminaci\u00f3n<\/a><\/p>\n<p><a href=\"http:\/\/blogs.uo.edu.cu\/vrd\/wp-content\/uploads\/sites\/28\/2024\/01\/Programa-asignatura-Liderazgo-universitario-y-profesional.pdf\">Programa asignatura Liderazgo universitario y profesional<\/a><\/p>\n<p><a href=\"http:\/\/blogs.uo.edu.cu\/vrd\/wp-content\/uploads\/sites\/28\/2024\/01\/Programa-analitico-Patrimonio-Costero-1.pdf\">Programa anal\u00edtico Patrimonio Costero (1)<\/a><\/p>\n\n\n<p><\/p>\n","protected":false},"excerpt":{"rendered":"<p>Base_dise\u00f1o de los planes de estudio E 2017 Base_defensa del Plan de Estudio E Carreras abiertas en la UO 2011-2017 Grafico Mapa de carreras curso 2017-2018 Mapa plan de estudio 2018-2019 Mapa de carrera curso 2017 &#8211; 2018 Mapa de carreras 2016 &#8211; 2017 Mapa planes de estudio Planes de estudio&nbsp; 2024 Resoluci\u00f3n electivas Programa [&hellip;]<\/p>\n","protected":false},"author":25,"featured_media":0,"parent":0,"menu_order":0,"comment_status":"open","ping_status":"open","template":"","meta":{"ngg_post_thumbnail":0,"footnotes":""},"class_list":["post-419","page","type-page","status-publish","hentry"],"_links":{"self":[{"href":"https:\/\/blogs.uo.edu.cu\/vrd\/wp-json\/wp\/v2\/pages\/419","targetHints":{"allow":["GET"]}}],"collection":[{"href":"https:\/\/blogs.uo.edu.cu\/vrd\/wp-json\/wp\/v2\/pages"}],"about":[{"href":"https:\/\/blogs.uo.edu.cu\/vrd\/wp-json\/wp\/v2\/types\/page"}],"author":[{"embeddable":true,"href":"https:\/\/blogs.uo.edu.cu\/vrd\/wp-json\/wp\/v2\/users\/25"}],"replies":[{"embeddable":true,"href":"https:\/\/blogs.uo.edu.cu\/vrd\/wp-json\/wp\/v2\/comments?post=419"}],"version-history":[{"count":5,"href":"https:\/\/blogs.uo.edu.cu\/vrd\/wp-json\/wp\/v2\/pages\/419\/revisions"}],"predecessor-version":[{"id":1058,"href":"https:\/\/blogs.uo.edu.cu\/vrd\/wp-json\/wp\/v2\/pages\/419\/revisions\/1058"}],"wp:attachment":[{"href":"https:\/\/blogs.uo.edu.cu\/vrd\/wp-json\/wp\/v2\/media?parent=419"}],"curies":[{"name":"wp","href":"https:\/\/api.w.org\/{rel}","templated":true}]}}