{"id":773,"date":"2020-10-13T14:40:48","date_gmt":"2020-10-13T14:40:48","guid":{"rendered":"http:\/\/blogs.uo.edu.cu\/vrd\/?page_id=773"},"modified":"2020-11-09T16:43:37","modified_gmt":"2020-11-09T16:43:37","slug":"cursos-de-ciclo-corto","status":"publish","type":"page","link":"https:\/\/blogs.uo.edu.cu\/vrd\/planes-de-estudios\/cursos-de-ciclo-corto\/","title":{"rendered":"Programas de Ciclo corto"},"content":{"rendered":"\n<p><strong>Introducci\u00f3n<\/strong><\/p>\n\n\n\n<p>La Universidad de Oriente, teniendo como prioridad la formaci\u00f3n de un profesional competente para insertarse en las diversas esferas de actuaci\u00f3n de la sociedad, implementa Programas de Educaci\u00f3n Superior de Ciclo Corto (ESCC) que constituyen una v\u00eda efectiva para dar respuesta a las necesidades de la producci\u00f3n y los servicios en instituciones del territorio santiaguero, favoreciendo el necesario v\u00ednculo Universidad \u2013 Sociedad de acuerdo a la Agenda 2030.<\/p>\n\n\n\n<p>La ESCC es una formaci\u00f3n profesional de perfil terminal que responde a necesidades de la producci\u00f3n y los servicios en actividades o \u00e1reas que requieran de una calificaci\u00f3n profesional orientada a la soluci\u00f3n de tareas laborales de diversos perfiles, por lo que se distingue por su enfoque te\u00f3rico-pr\u00e1ctico. Esta calificaci\u00f3n profesional supera a la de un t\u00e9cnico medio y es inferior a la de la carrera universitaria.<\/p>\n\n\n\n<p>La apertura de planes de estudio en este nuevo nivel, se debe fundamentar por los OACE y las OSDE, con car\u00e1cter nacional, a partir de la identificaci\u00f3n de la demanda, la propuesta de perfiles y la determinaci\u00f3n de cargos y ocupaciones que podr\u00e1n desempe\u00f1ar los egresados, todo lo cual sirve de base para hacer la solicitud al MES, que es el organismo responsable del dise\u00f1o y la aprobaci\u00f3n de los planes de estudio, con la participaci\u00f3n de los OACE y las OSDE que correspondan.<\/p>\n\n\n\n<p>En nuestra universidad&nbsp; desde el curso acad\u00e9mico 2018 \u2013 2019 se han implementado diez programas de ESCC y se trabaja en el aseguramiento por parte de las carreras correspondientes para la incursi\u00f3n en otros programas para el curso 2021 \u2013 2022. Todos los documentos legales referidos a este tema aparecen contenidos en este Bloq.<\/p>\n\n\n\n<p>Documentos de ESCC <\/p>\n\n\n\n<p><a href=\"http:\/\/blogs.uo.edu.cu\/vrd\/wp-content\/uploads\/sites\/28\/2020\/10\/Documento-Base-ESCC-2018.pdf\">Documento Base ESCC<\/a><\/p>\n\n\n\n<p><a href=\"http:\/\/blogs.uo.edu.cu\/vrd\/wp-content\/uploads\/sites\/28\/2020\/10\/Decreto-Ley-359-Del-Nivel-de-ESCC-3.pdf\">Decreto Ley 359 Del Nivel de ESCC 3<\/a><\/p>\n\n\n\n<p><a href=\"http:\/\/blogs.uo.edu.cu\/vrd\/wp-content\/uploads\/sites\/28\/2020\/10\/Decreto-Ley-359-Del-Nivel-de-ESCC-1.pdf\">Decreto Ley 359 Del Nivel de ESCC 1<\/a><\/p>\n\n\n\n<p><a href=\"http:\/\/blogs.uo.edu.cu\/vrd\/wp-content\/uploads\/sites\/28\/2020\/10\/Decreto-Ley-359-Del-Nivel-de-ESCC-2.pdf\">Decreto Ley 359 Del Nivel de ESCC 2<\/a><\/p>\n\n\n\n<p><a href=\"http:\/\/blogs.uo.edu.cu\/vrd\/wp-content\/uploads\/sites\/28\/2020\/10\/Copia-de-trabajo-Res.-No.98-2018-ESCC-del-MES.pdf\">Res. No.98-2018 ESCC del MES<\/a><\/p>\n\n\n\n<p><a href=\"http:\/\/blogs.uo.edu.cu\/vrd\/wp-content\/uploads\/sites\/28\/2020\/10\/4-Proyecto-de-Procedimiento-para-la-creacion-y-extincion-en-ESCC.pdf\">Proyecto de Procedimiento para la creaci\u00f3n y extinci\u00f3n en ESCC<\/a><\/p>\n\n\n\n<p><a href=\"http:\/\/blogs.uo.edu.cu\/vrd\/wp-content\/uploads\/sites\/28\/2020\/10\/3-Proyecto-de-Orientaciones-Proceso-de-defensa-de-la-ESCC-abril-de-2018.pdf\">Proyecto de Orientaciones Proceso de defensa de la ESCC abril de 2018<\/a><\/p>\n\n\n\n<p><a href=\"http:\/\/blogs.uo.edu.cu\/vrd\/wp-content\/uploads\/sites\/28\/2020\/10\/2-Precisiones-acerca-de-la-Educacion-Superior-de-Ciclo-Corto-9.04.18.pdf\">Precisiones acerca de la Educaci\u00f3n Superior de Ciclo Corto 9.04.18<\/a><\/p>\n\n\n\n<p><a href=\"http:\/\/blogs.uo.edu.cu\/vrd\/wp-content\/uploads\/sites\/28\/2020\/10\/1-Presentacion-Documentos-de-la-ESCC-para-VRD-abril-2018.pdf\">Presentaci\u00f3n Documentos de la ESCC para VRD abril 2018<\/a><\/p>\n\n\n\n<p><\/p>\n\n\n\n<p><\/p>\n","protected":false},"excerpt":{"rendered":"<p>Introducci\u00f3n La Universidad de Oriente, teniendo como prioridad la formaci\u00f3n de un profesional competente para insertarse en las diversas esferas de actuaci\u00f3n de la sociedad, implementa Programas de Educaci\u00f3n Superior de Ciclo Corto (ESCC) que constituyen una v\u00eda efectiva para dar respuesta a las necesidades de la producci\u00f3n y los servicios en instituciones del territorio [&hellip;]<\/p>\n","protected":false},"author":25,"featured_media":0,"parent":419,"menu_order":0,"comment_status":"closed","ping_status":"closed","template":"","meta":{"ngg_post_thumbnail":0,"footnotes":""},"class_list":["post-773","page","type-page","status-publish","hentry"],"_links":{"self":[{"href":"https:\/\/blogs.uo.edu.cu\/vrd\/wp-json\/wp\/v2\/pages\/773","targetHints":{"allow":["GET"]}}],"collection":[{"href":"https:\/\/blogs.uo.edu.cu\/vrd\/wp-json\/wp\/v2\/pages"}],"about":[{"href":"https:\/\/blogs.uo.edu.cu\/vrd\/wp-json\/wp\/v2\/types\/page"}],"author":[{"embeddable":true,"href":"https:\/\/blogs.uo.edu.cu\/vrd\/wp-json\/wp\/v2\/users\/25"}],"replies":[{"embeddable":true,"href":"https:\/\/blogs.uo.edu.cu\/vrd\/wp-json\/wp\/v2\/comments?post=773"}],"version-history":[{"count":13,"href":"https:\/\/blogs.uo.edu.cu\/vrd\/wp-json\/wp\/v2\/pages\/773\/revisions"}],"predecessor-version":[{"id":813,"href":"https:\/\/blogs.uo.edu.cu\/vrd\/wp-json\/wp\/v2\/pages\/773\/revisions\/813"}],"up":[{"embeddable":true,"href":"https:\/\/blogs.uo.edu.cu\/vrd\/wp-json\/wp\/v2\/pages\/419"}],"wp:attachment":[{"href":"https:\/\/blogs.uo.edu.cu\/vrd\/wp-json\/wp\/v2\/media?parent=773"}],"curies":[{"name":"wp","href":"https:\/\/api.w.org\/{rel}","templated":true}]}}