{"id":8,"date":"2017-08-29T14:30:51","date_gmt":"2017-08-29T14:30:51","guid":{"rendered":"http:\/\/vrd.uniblog.uo.edu.cu\/?page_id=8"},"modified":"2026-04-30T16:25:02","modified_gmt":"2026-04-30T16:25:02","slug":"cursos-electivos-centralizados","status":"publish","type":"page","link":"https:\/\/blogs.uo.edu.cu\/vrd\/planes-de-estudios\/cursos-electivos-centralizados\/","title":{"rendered":"Cursos Optativos Electivos"},"content":{"rendered":"<p><a href=\"http:\/\/blogs.uo.edu.cu\/vrd\/wp-content\/uploads\/sites\/28\/2020\/01\/Electiva-centralizada-Gestion-de-la-Calidad.pdf\">Electiva centralizada Gestion de la Calidad<\/a><\/p>\n<p><a href=\"http:\/\/blogs.uo.edu.cu\/vrd\/wp-content\/uploads\/sites\/28\/2020\/01\/Electiva-Centralizada-Patrimonio-Costero-2.pdf\">Electiva Centralizada Patrimonio Costero (2)<\/a><\/p>\n<p><a href=\"http:\/\/blogs.uo.edu.cu\/vrd\/wp-content\/uploads\/sites\/28\/2020\/01\/Electiva-centralizada-Patrimonio-Cultural.pdf\">Electiva centralizada Patrimonio Cultural<\/a><\/p>\n<p><a href=\"http:\/\/blogs.uo.edu.cu\/vrd\/wp-content\/uploads\/sites\/28\/2020\/03\/Electivas-centralizadas-2-semestre-19-20-.pdf\">Electivas centralizadas 2 semestre 19-20<\/a><\/p>\n<p><a href=\"http:\/\/blogs.uo.edu.cu\/vrd\/wp-content\/uploads\/sites\/28\/2025\/09\/Convocatoria-Electivas-Centralizadas-I-Periodo-25-2026.pdf\">Convocatoria Electivas Centralizadas I Per\u00edodo 25-2026<\/a> <a href=\"http:\/\/blogs.uo.edu.cu\/vrd\/wp-content\/uploads\/sites\/28\/2025\/09\/Curso-electivo-Comunicacion-asertiva.pdf\">Curso electivo Comunicacion asertiva<\/a> <a href=\"http:\/\/blogs.uo.edu.cu\/vrd\/wp-content\/uploads\/sites\/28\/2025\/09\/Curso-electivo-El-desarrollo-local.pdf\">Curso electivo El desarrollo local<\/a> <a href=\"http:\/\/blogs.uo.edu.cu\/vrd\/wp-content\/uploads\/sites\/28\/2025\/09\/Curso-electivo-Emprendedurismo.pdf\">Curso electivo Emprendedurismo<\/a><\/p>\n\n\n<div data-wp-interactive=\"core\/file\" class=\"wp-block-file\"><object data-wp-bind--hidden=\"!state.hasPdfPreview\" hidden class=\"wp-block-file__embed\" data=\"http:\/\/blogs.uo.edu.cu\/vrd\/wp-content\/uploads\/sites\/28\/2026\/04\/Planificacion-CP.pdf\" type=\"application\/pdf\" style=\"width:100%;height:600px\" aria-label=\"Incrustado de Planificaci\u00f3n, CP.\"><\/object><a id=\"wp-block-file--media-247e5e83-dcdb-4cb6-8a30-1e8fc84a2902\" href=\"http:\/\/blogs.uo.edu.cu\/vrd\/wp-content\/uploads\/sites\/28\/2026\/04\/Planificacion-CP.pdf\">Planificaci\u00f3n, CP<\/a><a href=\"http:\/\/blogs.uo.edu.cu\/vrd\/wp-content\/uploads\/sites\/28\/2026\/04\/Planificacion-CP.pdf\" class=\"wp-block-file__button wp-element-button\" download aria-describedby=\"wp-block-file--media-247e5e83-dcdb-4cb6-8a30-1e8fc84a2902\">Descarga<\/a><\/div>\n\n\n\n<p><\/p>\n\n\n\n<div data-wp-interactive=\"core\/file\" class=\"wp-block-file\"><object data-wp-bind--hidden=\"!state.hasPdfPreview\" hidden class=\"wp-block-file__embed\" data=\"http:\/\/blogs.uo.edu.cu\/vrd\/wp-content\/uploads\/sites\/28\/2026\/04\/NUTRICION-Y-DIETETICA.pdf\" type=\"application\/pdf\" style=\"width:100%;height:600px\" aria-label=\"Incrustado de NUTRICI\u00d3N Y DI\u00c9TETICA.\"><\/object><a id=\"wp-block-file--media-71f98e0d-74ee-41df-8b13-fc3c4036ebeb\" href=\"http:\/\/blogs.uo.edu.cu\/vrd\/wp-content\/uploads\/sites\/28\/2026\/04\/NUTRICION-Y-DIETETICA.pdf\">NUTRICI\u00d3N Y DI\u00c9TETICA<\/a><a href=\"http:\/\/blogs.uo.edu.cu\/vrd\/wp-content\/uploads\/sites\/28\/2026\/04\/NUTRICION-Y-DIETETICA.pdf\" class=\"wp-block-file__button wp-element-button\" download aria-describedby=\"wp-block-file--media-71f98e0d-74ee-41df-8b13-fc3c4036ebeb\">Descarga<\/a><\/div>\n\n\n\n<div data-wp-interactive=\"core\/file\" class=\"wp-block-file\"><object data-wp-bind--hidden=\"!state.hasPdfPreview\" hidden class=\"wp-block-file__embed\" data=\"http:\/\/blogs.uo.edu.cu\/vrd\/wp-content\/uploads\/sites\/28\/2026\/04\/PANORAMA-CULTURAL-DEL-MUNDO-ANGLOFONO.pdf\" type=\"application\/pdf\" style=\"width:100%;height:600px\" aria-label=\"Incrustado de PANORAMA CULTURAL DEL MUNDO ANGL\u00d3FONO.\"><\/object><a id=\"wp-block-file--media-a74643c4-975e-4230-bb56-5d0af1bb0ea0\" href=\"http:\/\/blogs.uo.edu.cu\/vrd\/wp-content\/uploads\/sites\/28\/2026\/04\/PANORAMA-CULTURAL-DEL-MUNDO-ANGLOFONO.pdf\">PANORAMA CULTURAL DEL MUNDO ANGL\u00d3FONO<\/a><a href=\"http:\/\/blogs.uo.edu.cu\/vrd\/wp-content\/uploads\/sites\/28\/2026\/04\/PANORAMA-CULTURAL-DEL-MUNDO-ANGLOFONO.pdf\" class=\"wp-block-file__button wp-element-button\" download aria-describedby=\"wp-block-file--media-a74643c4-975e-4230-bb56-5d0af1bb0ea0\">Descarga<\/a><\/div>\n\n\n\n<div data-wp-interactive=\"core\/file\" class=\"wp-block-file\"><object data-wp-bind--hidden=\"!state.hasPdfPreview\" hidden class=\"wp-block-file__embed\" data=\"http:\/\/blogs.uo.edu.cu\/vrd\/wp-content\/uploads\/sites\/28\/2026\/04\/LISTO-LIDERAZGO.pdf\" type=\"application\/pdf\" style=\"width:100%;height:600px\" aria-label=\"Incrustado de LISTO LIDERAZGO.\"><\/object><a id=\"wp-block-file--media-a955f68f-f955-43e1-a801-d6f06da889d8\" href=\"http:\/\/blogs.uo.edu.cu\/vrd\/wp-content\/uploads\/sites\/28\/2026\/04\/LISTO-LIDERAZGO.pdf\">LISTO LIDERAZGO<\/a><a href=\"http:\/\/blogs.uo.edu.cu\/vrd\/wp-content\/uploads\/sites\/28\/2026\/04\/LISTO-LIDERAZGO.pdf\" class=\"wp-block-file__button wp-element-button\" download aria-describedby=\"wp-block-file--media-a955f68f-f955-43e1-a801-d6f06da889d8\">Descarga<\/a><\/div>\n\n\n\n<div data-wp-interactive=\"core\/file\" class=\"wp-block-file\"><object data-wp-bind--hidden=\"!state.hasPdfPreview\" hidden class=\"wp-block-file__embed\" data=\"http:\/\/blogs.uo.edu.cu\/vrd\/wp-content\/uploads\/sites\/28\/2026\/04\/Lengua-de-Senas-Cubanas.pdf\" type=\"application\/pdf\" style=\"width:100%;height:600px\" aria-label=\"Incrustado de Lengua de Se\u00f1as Cubanas.\"><\/object><a id=\"wp-block-file--media-0551a4cd-7599-4b4a-8854-30a772238ad4\" href=\"http:\/\/blogs.uo.edu.cu\/vrd\/wp-content\/uploads\/sites\/28\/2026\/04\/Lengua-de-Senas-Cubanas.pdf\">Lengua de Se\u00f1as Cubanas<\/a><a href=\"http:\/\/blogs.uo.edu.cu\/vrd\/wp-content\/uploads\/sites\/28\/2026\/04\/Lengua-de-Senas-Cubanas.pdf\" class=\"wp-block-file__button wp-element-button\" download aria-describedby=\"wp-block-file--media-0551a4cd-7599-4b4a-8854-30a772238ad4\">Descarga<\/a><\/div>\n\n\n\n<div data-wp-interactive=\"core\/file\" class=\"wp-block-file\"><object data-wp-bind--hidden=\"!state.hasPdfPreview\" hidden class=\"wp-block-file__embed\" data=\"http:\/\/blogs.uo.edu.cu\/vrd\/wp-content\/uploads\/sites\/28\/2026\/04\/Gestores-bibliograficos.pdf\" type=\"application\/pdf\" style=\"width:100%;height:600px\" aria-label=\"Incrustado de Gestores bibliogr\u00e1ficos.\"><\/object><a id=\"wp-block-file--media-f37a443d-f44f-4728-8a23-aa0299375512\" href=\"http:\/\/blogs.uo.edu.cu\/vrd\/wp-content\/uploads\/sites\/28\/2026\/04\/Gestores-bibliograficos.pdf\">Gestores bibliogr\u00e1ficos<\/a><a href=\"http:\/\/blogs.uo.edu.cu\/vrd\/wp-content\/uploads\/sites\/28\/2026\/04\/Gestores-bibliograficos.pdf\" class=\"wp-block-file__button wp-element-button\" download aria-describedby=\"wp-block-file--media-f37a443d-f44f-4728-8a23-aa0299375512\">Descarga<\/a><\/div>\n\n\n\n<div data-wp-interactive=\"core\/file\" class=\"wp-block-file\"><object data-wp-bind--hidden=\"!state.hasPdfPreview\" hidden class=\"wp-block-file__embed\" data=\"http:\/\/blogs.uo.edu.cu\/vrd\/wp-content\/uploads\/sites\/28\/2026\/04\/Geogebra.pdf\" type=\"application\/pdf\" style=\"width:100%;height:600px\" aria-label=\"Incrustado de Geogebra.\"><\/object><a id=\"wp-block-file--media-916a07c6-3e4f-4af1-baf2-2a956d336541\" href=\"http:\/\/blogs.uo.edu.cu\/vrd\/wp-content\/uploads\/sites\/28\/2026\/04\/Geogebra.pdf\">Geogebra<\/a><a href=\"http:\/\/blogs.uo.edu.cu\/vrd\/wp-content\/uploads\/sites\/28\/2026\/04\/Geogebra.pdf\" class=\"wp-block-file__button wp-element-button\" download aria-describedby=\"wp-block-file--media-916a07c6-3e4f-4af1-baf2-2a956d336541\">Descarga<\/a><\/div>\n\n\n\n<div data-wp-interactive=\"core\/file\" class=\"wp-block-file\"><object data-wp-bind--hidden=\"!state.hasPdfPreview\" hidden class=\"wp-block-file__embed\" data=\"http:\/\/blogs.uo.edu.cu\/vrd\/wp-content\/uploads\/sites\/28\/2026\/04\/Excel-intermedio-Avanzado.pdf\" type=\"application\/pdf\" style=\"width:100%;height:600px\" aria-label=\"Incrustado de Excel intermedio - Avanzado.\"><\/object><a id=\"wp-block-file--media-9a3bf05c-e688-4a2b-8b1f-e84e2f8c19c6\" href=\"http:\/\/blogs.uo.edu.cu\/vrd\/wp-content\/uploads\/sites\/28\/2026\/04\/Excel-intermedio-Avanzado.pdf\">Excel intermedio &#8211; Avanzado<\/a><a href=\"http:\/\/blogs.uo.edu.cu\/vrd\/wp-content\/uploads\/sites\/28\/2026\/04\/Excel-intermedio-Avanzado.pdf\" class=\"wp-block-file__button wp-element-button\" download aria-describedby=\"wp-block-file--media-9a3bf05c-e688-4a2b-8b1f-e84e2f8c19c6\">Descarga<\/a><\/div>\n\n\n\n<div data-wp-interactive=\"core\/file\" class=\"wp-block-file\"><object data-wp-bind--hidden=\"!state.hasPdfPreview\" hidden class=\"wp-block-file__embed\" data=\"http:\/\/blogs.uo.edu.cu\/vrd\/wp-content\/uploads\/sites\/28\/2026\/04\/Generalidades-de-la-medicna-tradicional-China.pdf\" type=\"application\/pdf\" style=\"width:100%;height:600px\" aria-label=\"Incrustado de Generalidades de la medicna tradicional China.\"><\/object><a id=\"wp-block-file--media-e9334e5a-0755-4a80-92da-7cf38030fafc\" href=\"http:\/\/blogs.uo.edu.cu\/vrd\/wp-content\/uploads\/sites\/28\/2026\/04\/Generalidades-de-la-medicna-tradicional-China.pdf\">Generalidades de la medicna tradicional China<\/a><a href=\"http:\/\/blogs.uo.edu.cu\/vrd\/wp-content\/uploads\/sites\/28\/2026\/04\/Generalidades-de-la-medicna-tradicional-China.pdf\" class=\"wp-block-file__button wp-element-button\" download aria-describedby=\"wp-block-file--media-e9334e5a-0755-4a80-92da-7cf38030fafc\">Descarga<\/a><\/div>\n\n\n\n<div data-wp-interactive=\"core\/file\" class=\"wp-block-file\"><object data-wp-bind--hidden=\"!state.hasPdfPreview\" hidden class=\"wp-block-file__embed\" data=\"http:\/\/blogs.uo.edu.cu\/vrd\/wp-content\/uploads\/sites\/28\/2026\/04\/EDICION-DE-LIBRO-ELECTRONICO.pdf\" type=\"application\/pdf\" style=\"width:100%;height:600px\" aria-label=\"Incrustado de EDICI\u00d3N DE LIBRO ELECTR\u00d3NICO.\"><\/object><a id=\"wp-block-file--media-9e3e07e1-0dec-49a9-ba1b-2ec24656cb7a\" href=\"http:\/\/blogs.uo.edu.cu\/vrd\/wp-content\/uploads\/sites\/28\/2026\/04\/EDICION-DE-LIBRO-ELECTRONICO.pdf\">EDICI\u00d3N DE LIBRO ELECTR\u00d3NICO<\/a><a href=\"http:\/\/blogs.uo.edu.cu\/vrd\/wp-content\/uploads\/sites\/28\/2026\/04\/EDICION-DE-LIBRO-ELECTRONICO.pdf\" class=\"wp-block-file__button wp-element-button\" download aria-describedby=\"wp-block-file--media-9e3e07e1-0dec-49a9-ba1b-2ec24656cb7a\">Descarga<\/a><\/div>\n\n\n\n<div data-wp-interactive=\"core\/file\" class=\"wp-block-file\"><object data-wp-bind--hidden=\"!state.hasPdfPreview\" hidden class=\"wp-block-file__embed\" data=\"http:\/\/blogs.uo.edu.cu\/vrd\/wp-content\/uploads\/sites\/28\/2026\/04\/Educacion-para-la-prevencion.pdf\" type=\"application\/pdf\" style=\"width:100%;height:600px\" aria-label=\"Incrustado de Educaci\u00f3n para la prevenci\u00f3n.\"><\/object><a id=\"wp-block-file--media-12c2535b-5f6b-46b8-8221-d19963c369c7\" href=\"http:\/\/blogs.uo.edu.cu\/vrd\/wp-content\/uploads\/sites\/28\/2026\/04\/Educacion-para-la-prevencion.pdf\">Educaci\u00f3n para la prevenci\u00f3n<\/a><a href=\"http:\/\/blogs.uo.edu.cu\/vrd\/wp-content\/uploads\/sites\/28\/2026\/04\/Educacion-para-la-prevencion.pdf\" class=\"wp-block-file__button wp-element-button\" download aria-describedby=\"wp-block-file--media-12c2535b-5f6b-46b8-8221-d19963c369c7\">Descarga<\/a><\/div>\n\n\n\n<div data-wp-interactive=\"core\/file\" class=\"wp-block-file\"><object data-wp-bind--hidden=\"!state.hasPdfPreview\" hidden class=\"wp-block-file__embed\" data=\"http:\/\/blogs.uo.edu.cu\/vrd\/wp-content\/uploads\/sites\/28\/2026\/04\/Desarrollo-Sostenible-y-Cambio-Climatico.pdf\" type=\"application\/pdf\" style=\"width:100%;height:600px\" aria-label=\"Incrustado de Desarrollo Sostenible y Cambio Clim\u00e1tico.\"><\/object><a id=\"wp-block-file--media-bbb851cb-81b0-4ea9-839e-6be0ec9cc5d6\" href=\"http:\/\/blogs.uo.edu.cu\/vrd\/wp-content\/uploads\/sites\/28\/2026\/04\/Desarrollo-Sostenible-y-Cambio-Climatico.pdf\">Desarrollo Sostenible y Cambio Clim\u00e1tico<\/a><a href=\"http:\/\/blogs.uo.edu.cu\/vrd\/wp-content\/uploads\/sites\/28\/2026\/04\/Desarrollo-Sostenible-y-Cambio-Climatico.pdf\" class=\"wp-block-file__button wp-element-button\" download aria-describedby=\"wp-block-file--media-bbb851cb-81b0-4ea9-839e-6be0ec9cc5d6\">Descarga<\/a><\/div>\n\n\n\n<div data-wp-interactive=\"core\/file\" class=\"wp-block-file\"><object data-wp-bind--hidden=\"!state.hasPdfPreview\" hidden class=\"wp-block-file__embed\" data=\"http:\/\/blogs.uo.edu.cu\/vrd\/wp-content\/uploads\/sites\/28\/2026\/04\/Conservacion-de-alimentos-.pdf\" type=\"application\/pdf\" style=\"width:100%;height:600px\" aria-label=\"Incrustado de Conservaci\u00f3n de alimentos.\"><\/object><a id=\"wp-block-file--media-25047e83-a3db-44e6-a299-452216ffcab6\" href=\"http:\/\/blogs.uo.edu.cu\/vrd\/wp-content\/uploads\/sites\/28\/2026\/04\/Conservacion-de-alimentos-.pdf\">Conservaci\u00f3n de alimentos<\/a><a href=\"http:\/\/blogs.uo.edu.cu\/vrd\/wp-content\/uploads\/sites\/28\/2026\/04\/Conservacion-de-alimentos-.pdf\" class=\"wp-block-file__button wp-element-button\" download aria-describedby=\"wp-block-file--media-25047e83-a3db-44e6-a299-452216ffcab6\">Descarga<\/a><\/div>\n\n\n\n<div data-wp-interactive=\"core\/file\" class=\"wp-block-file\"><object data-wp-bind--hidden=\"!state.hasPdfPreview\" hidden class=\"wp-block-file__embed\" data=\"http:\/\/blogs.uo.edu.cu\/vrd\/wp-content\/uploads\/sites\/28\/2026\/04\/Agricultura-comunitaria-urbana.pdf\" type=\"application\/pdf\" style=\"width:100%;height:600px\" aria-label=\"Incrustado de Agricultura comunitaria urbana.\"><\/object><a id=\"wp-block-file--media-c6b619bf-bcf9-4fdf-98d4-daa5f2901196\" href=\"http:\/\/blogs.uo.edu.cu\/vrd\/wp-content\/uploads\/sites\/28\/2026\/04\/Agricultura-comunitaria-urbana.pdf\">Agricultura comunitaria urbana<\/a><a href=\"http:\/\/blogs.uo.edu.cu\/vrd\/wp-content\/uploads\/sites\/28\/2026\/04\/Agricultura-comunitaria-urbana.pdf\" class=\"wp-block-file__button wp-element-button\" download aria-describedby=\"wp-block-file--media-c6b619bf-bcf9-4fdf-98d4-daa5f2901196\">Descarga<\/a><\/div>\n\n\n\n<div data-wp-interactive=\"core\/file\" class=\"wp-block-file\"><object data-wp-bind--hidden=\"!state.hasPdfPreview\" hidden class=\"wp-block-file__embed\" data=\"http:\/\/blogs.uo.edu.cu\/vrd\/wp-content\/uploads\/sites\/28\/2026\/04\/Contabilidad-para-no-contadores.pdf\" type=\"application\/pdf\" style=\"width:100%;height:600px\" aria-label=\"Incrustado de Contabilidad para no contadores.\"><\/object><a id=\"wp-block-file--media-2acb8705-504b-4ea1-b1cb-a65d31e74f64\" href=\"http:\/\/blogs.uo.edu.cu\/vrd\/wp-content\/uploads\/sites\/28\/2026\/04\/Contabilidad-para-no-contadores.pdf\">Contabilidad para no contadores<\/a><a href=\"http:\/\/blogs.uo.edu.cu\/vrd\/wp-content\/uploads\/sites\/28\/2026\/04\/Contabilidad-para-no-contadores.pdf\" class=\"wp-block-file__button wp-element-button\" download aria-describedby=\"wp-block-file--media-2acb8705-504b-4ea1-b1cb-a65d31e74f64\">Descarga<\/a><\/div>\n\n\n\n<div data-wp-interactive=\"core\/file\" class=\"wp-block-file\"><object data-wp-bind--hidden=\"!state.hasPdfPreview\" hidden class=\"wp-block-file__embed\" data=\"http:\/\/blogs.uo.edu.cu\/vrd\/wp-content\/uploads\/sites\/28\/2025\/09\/Curso-electivo-El-desarrollo-local.pdf\" type=\"application\/pdf\" style=\"width:100%;height:600px\" aria-label=\"Incrustado de Curso electivo El desarrollo local.\"><\/object><a id=\"wp-block-file--media-05c1aff0-4864-4992-85e1-5a7ed0190221\" href=\"http:\/\/blogs.uo.edu.cu\/vrd\/wp-content\/uploads\/sites\/28\/2025\/09\/Curso-electivo-El-desarrollo-local.pdf\">Curso electivo El desarrollo local<\/a><a href=\"http:\/\/blogs.uo.edu.cu\/vrd\/wp-content\/uploads\/sites\/28\/2025\/09\/Curso-electivo-El-desarrollo-local.pdf\" class=\"wp-block-file__button wp-element-button\" download aria-describedby=\"wp-block-file--media-05c1aff0-4864-4992-85e1-5a7ed0190221\">Descarga<\/a><\/div>\n\n\n\n<div data-wp-interactive=\"core\/file\" class=\"wp-block-file\"><object data-wp-bind--hidden=\"!state.hasPdfPreview\" hidden class=\"wp-block-file__embed\" data=\"http:\/\/blogs.uo.edu.cu\/vrd\/wp-content\/uploads\/sites\/28\/2026\/04\/Agricultura-comunitaria-urbana.pdf\" type=\"application\/pdf\" style=\"width:100%;height:600px\" aria-label=\"Incrustado de Agricultura comunitaria urbana.\"><\/object><a id=\"wp-block-file--media-de5cf1a9-a996-4c94-aa73-f46686454912\" href=\"http:\/\/blogs.uo.edu.cu\/vrd\/wp-content\/uploads\/sites\/28\/2026\/04\/Agricultura-comunitaria-urbana.pdf\">Agricultura comunitaria urbana<\/a><a href=\"http:\/\/blogs.uo.edu.cu\/vrd\/wp-content\/uploads\/sites\/28\/2026\/04\/Agricultura-comunitaria-urbana.pdf\" class=\"wp-block-file__button wp-element-button\" download aria-describedby=\"wp-block-file--media-de5cf1a9-a996-4c94-aa73-f46686454912\">Descarga<\/a><\/div>\n\n\n\n<div data-wp-interactive=\"core\/file\" class=\"wp-block-file\"><object data-wp-bind--hidden=\"!state.hasPdfPreview\" hidden class=\"wp-block-file__embed\" data=\"http:\/\/blogs.uo.edu.cu\/vrd\/wp-content\/uploads\/sites\/28\/2026\/04\/Contabilidad-para-no-contadores.pdf\" type=\"application\/pdf\" style=\"width:100%;height:600px\" aria-label=\"Incrustado de Contabilidad para no contadores.\"><\/object><a id=\"wp-block-file--media-691354fe-0300-4d02-9025-eb348ed69816\" href=\"http:\/\/blogs.uo.edu.cu\/vrd\/wp-content\/uploads\/sites\/28\/2026\/04\/Contabilidad-para-no-contadores.pdf\">Contabilidad para no contadores<\/a><a href=\"http:\/\/blogs.uo.edu.cu\/vrd\/wp-content\/uploads\/sites\/28\/2026\/04\/Contabilidad-para-no-contadores.pdf\" class=\"wp-block-file__button wp-element-button\" download aria-describedby=\"wp-block-file--media-691354fe-0300-4d02-9025-eb348ed69816\">Descarga<\/a><\/div>\n\n\n\n<div data-wp-interactive=\"core\/file\" class=\"wp-block-file\"><object data-wp-bind--hidden=\"!state.hasPdfPreview\" hidden class=\"wp-block-file__embed\" data=\"http:\/\/blogs.uo.edu.cu\/vrd\/wp-content\/uploads\/sites\/28\/2025\/09\/Curso-electivo-El-desarrollo-local.pdf\" type=\"application\/pdf\" style=\"width:100%;height:600px\" aria-label=\"Incrustado de Curso electivo El desarrollo local.\"><\/object><a id=\"wp-block-file--media-f7b628ae-c710-4c8f-83ff-8be66d98066f\" href=\"http:\/\/blogs.uo.edu.cu\/vrd\/wp-content\/uploads\/sites\/28\/2025\/09\/Curso-electivo-El-desarrollo-local.pdf\">Curso electivo El desarrollo local<\/a><a href=\"http:\/\/blogs.uo.edu.cu\/vrd\/wp-content\/uploads\/sites\/28\/2025\/09\/Curso-electivo-El-desarrollo-local.pdf\" class=\"wp-block-file__button wp-element-button\" download aria-describedby=\"wp-block-file--media-f7b628ae-c710-4c8f-83ff-8be66d98066f\">Descarga<\/a><\/div>\n\n\n\n<div data-wp-interactive=\"core\/file\" class=\"wp-block-file\"><object data-wp-bind--hidden=\"!state.hasPdfPreview\" hidden class=\"wp-block-file__embed\" data=\"http:\/\/blogs.uo.edu.cu\/vrd\/wp-content\/uploads\/sites\/28\/2025\/09\/Curso-electivo-Emprendedurismo.pdf\" type=\"application\/pdf\" style=\"width:100%;height:600px\" aria-label=\"Incrustado de Curso electivo Emprendedurismo.\"><\/object><a id=\"wp-block-file--media-ca6e787f-34a8-4539-a0e0-add9510f1679\" href=\"http:\/\/blogs.uo.edu.cu\/vrd\/wp-content\/uploads\/sites\/28\/2025\/09\/Curso-electivo-Emprendedurismo.pdf\">Curso electivo Emprendedurismo<\/a><a href=\"http:\/\/blogs.uo.edu.cu\/vrd\/wp-content\/uploads\/sites\/28\/2025\/09\/Curso-electivo-Emprendedurismo.pdf\" class=\"wp-block-file__button wp-element-button\" download aria-describedby=\"wp-block-file--media-ca6e787f-34a8-4539-a0e0-add9510f1679\">Descarga<\/a><\/div>\n\n\n\n<div data-wp-interactive=\"core\/file\" class=\"wp-block-file\"><object data-wp-bind--hidden=\"!state.hasPdfPreview\" hidden class=\"wp-block-file__embed\" data=\"http:\/\/blogs.uo.edu.cu\/vrd\/wp-content\/uploads\/sites\/28\/2025\/09\/Curso-electivo-Comunicacion-asertiva.pdf\" type=\"application\/pdf\" style=\"width:100%;height:600px\" aria-label=\"Incrustado de Curso electivo Comunicacion asertiva.\"><\/object><a id=\"wp-block-file--media-9280c08f-e542-4aaf-a52d-cd4ecac7416a\" href=\"http:\/\/blogs.uo.edu.cu\/vrd\/wp-content\/uploads\/sites\/28\/2025\/09\/Curso-electivo-Comunicacion-asertiva.pdf\">Curso electivo Comunicacion asertiva<\/a><a href=\"http:\/\/blogs.uo.edu.cu\/vrd\/wp-content\/uploads\/sites\/28\/2025\/09\/Curso-electivo-Comunicacion-asertiva.pdf\" class=\"wp-block-file__button wp-element-button\" download aria-describedby=\"wp-block-file--media-9280c08f-e542-4aaf-a52d-cd4ecac7416a\">Descarga<\/a><\/div>\n\n\n\n<div data-wp-interactive=\"core\/file\" class=\"wp-block-file\"><object data-wp-bind--hidden=\"!state.hasPdfPreview\" hidden class=\"wp-block-file__embed\" data=\"http:\/\/blogs.uo.edu.cu\/vrd\/wp-content\/uploads\/sites\/28\/2024\/01\/Resolucion-electivas.pdf\" type=\"application\/pdf\" style=\"width:100%;height:600px\" aria-label=\"Incrustado de Resoluci\u00f3n electivas.\"><\/object><a id=\"wp-block-file--media-c75694a0-1990-49ed-9db1-95df53abff4f\" href=\"http:\/\/blogs.uo.edu.cu\/vrd\/wp-content\/uploads\/sites\/28\/2024\/01\/Resolucion-electivas.pdf\">Resoluci\u00f3n electivas<\/a><a href=\"http:\/\/blogs.uo.edu.cu\/vrd\/wp-content\/uploads\/sites\/28\/2024\/01\/Resolucion-electivas.pdf\" class=\"wp-block-file__button wp-element-button\" download aria-describedby=\"wp-block-file--media-c75694a0-1990-49ed-9db1-95df53abff4f\">Descarga<\/a><\/div>\n\n\n\n<div data-wp-interactive=\"core\/file\" class=\"wp-block-file\"><object data-wp-bind--hidden=\"!state.hasPdfPreview\" hidden class=\"wp-block-file__embed\" data=\"http:\/\/blogs.uo.edu.cu\/vrd\/wp-content\/uploads\/sites\/28\/2024\/01\/Programa-Colonizacion-cultural-y-practicas-de-discriminacion.pdf\" type=\"application\/pdf\" style=\"width:100%;height:600px\" aria-label=\"Incrustado de Programa Colonizaci\u00f3n cultural y pr\u00e1cticas de discriminaci\u00f3n.\"><\/object><a id=\"wp-block-file--media-f55898be-0634-4f1a-b48f-28ef3f2de3b5\" href=\"http:\/\/blogs.uo.edu.cu\/vrd\/wp-content\/uploads\/sites\/28\/2024\/01\/Programa-Colonizacion-cultural-y-practicas-de-discriminacion.pdf\">Programa Colonizaci\u00f3n cultural y pr\u00e1cticas de discriminaci\u00f3n<\/a><a href=\"http:\/\/blogs.uo.edu.cu\/vrd\/wp-content\/uploads\/sites\/28\/2024\/01\/Programa-Colonizacion-cultural-y-practicas-de-discriminacion.pdf\" class=\"wp-block-file__button wp-element-button\" download aria-describedby=\"wp-block-file--media-f55898be-0634-4f1a-b48f-28ef3f2de3b5\">Descarga<\/a><\/div>\n\n\n\n<div data-wp-interactive=\"core\/file\" class=\"wp-block-file\"><object data-wp-bind--hidden=\"!state.hasPdfPreview\" hidden class=\"wp-block-file__embed\" data=\"http:\/\/blogs.uo.edu.cu\/vrd\/wp-content\/uploads\/sites\/28\/2024\/01\/Programa-asignatura-Liderazgo-universitario-y-profesional.pdf\" type=\"application\/pdf\" style=\"width:100%;height:600px\" aria-label=\"Incrustado de Programa asignatura Liderazgo universitario y profesional.\"><\/object><a id=\"wp-block-file--media-5dc1355f-82e7-448f-81e9-ee2b5db1ff1b\" href=\"http:\/\/blogs.uo.edu.cu\/vrd\/wp-content\/uploads\/sites\/28\/2024\/01\/Programa-asignatura-Liderazgo-universitario-y-profesional.pdf\">Programa asignatura Liderazgo universitario y profesional<\/a><a href=\"http:\/\/blogs.uo.edu.cu\/vrd\/wp-content\/uploads\/sites\/28\/2024\/01\/Programa-asignatura-Liderazgo-universitario-y-profesional.pdf\" class=\"wp-block-file__button wp-element-button\" download aria-describedby=\"wp-block-file--media-5dc1355f-82e7-448f-81e9-ee2b5db1ff1b\">Descarga<\/a><\/div>\n\n\n\n<div data-wp-interactive=\"core\/file\" class=\"wp-block-file\"><object data-wp-bind--hidden=\"!state.hasPdfPreview\" hidden class=\"wp-block-file__embed\" data=\"http:\/\/blogs.uo.edu.cu\/vrd\/wp-content\/uploads\/sites\/28\/2024\/01\/Programa-analitico-CC-y-DS.pdf\" type=\"application\/pdf\" style=\"width:100%;height:600px\" aria-label=\"Incrustado de Programa anal\u00edtico CC y DS.\"><\/object><a id=\"wp-block-file--media-d884f011-9f98-4634-ae9b-9516b63d56d6\" href=\"http:\/\/blogs.uo.edu.cu\/vrd\/wp-content\/uploads\/sites\/28\/2024\/01\/Programa-analitico-CC-y-DS.pdf\">Programa anal\u00edtico CC y DS<\/a><a href=\"http:\/\/blogs.uo.edu.cu\/vrd\/wp-content\/uploads\/sites\/28\/2024\/01\/Programa-analitico-CC-y-DS.pdf\" class=\"wp-block-file__button wp-element-button\" download aria-describedby=\"wp-block-file--media-d884f011-9f98-4634-ae9b-9516b63d56d6\">Descarga<\/a><\/div>\n","protected":false},"excerpt":{"rendered":"<p>Electiva centralizada Gestion de la Calidad Electiva Centralizada Patrimonio Costero (2) Electiva centralizada Patrimonio Cultural Electivas centralizadas 2 semestre 19-20 Convocatoria Electivas Centralizadas I Per\u00edodo 25-2026 Curso electivo Comunicacion asertiva Curso electivo El desarrollo local Curso electivo Emprendedurismo<\/p>\n","protected":false},"author":25,"featured_media":0,"parent":419,"menu_order":0,"comment_status":"closed","ping_status":"closed","template":"","meta":{"ngg_post_thumbnail":0,"footnotes":""},"class_list":["post-8","page","type-page","status-publish","hentry"],"_links":{"self":[{"href":"https:\/\/blogs.uo.edu.cu\/vrd\/wp-json\/wp\/v2\/pages\/8","targetHints":{"allow":["GET"]}}],"collection":[{"href":"https:\/\/blogs.uo.edu.cu\/vrd\/wp-json\/wp\/v2\/pages"}],"about":[{"href":"https:\/\/blogs.uo.edu.cu\/vrd\/wp-json\/wp\/v2\/types\/page"}],"author":[{"embeddable":true,"href":"https:\/\/blogs.uo.edu.cu\/vrd\/wp-json\/wp\/v2\/users\/25"}],"replies":[{"embeddable":true,"href":"https:\/\/blogs.uo.edu.cu\/vrd\/wp-json\/wp\/v2\/comments?post=8"}],"version-history":[{"count":10,"href":"https:\/\/blogs.uo.edu.cu\/vrd\/wp-json\/wp\/v2\/pages\/8\/revisions"}],"predecessor-version":[{"id":1117,"href":"https:\/\/blogs.uo.edu.cu\/vrd\/wp-json\/wp\/v2\/pages\/8\/revisions\/1117"}],"up":[{"embeddable":true,"href":"https:\/\/blogs.uo.edu.cu\/vrd\/wp-json\/wp\/v2\/pages\/419"}],"wp:attachment":[{"href":"https:\/\/blogs.uo.edu.cu\/vrd\/wp-json\/wp\/v2\/media?parent=8"}],"curies":[{"name":"wp","href":"https:\/\/api.w.org\/{rel}","templated":true}]}}